{"id":1036,"date":"2025-06-03T15:55:42","date_gmt":"2025-06-03T15:55:42","guid":{"rendered":"https:\/\/ampm-corporativo.thetools.mx\/?page_id=1036"},"modified":"2026-01-22T20:18:30","modified_gmt":"2026-01-22T20:18:30","slug":"bolsa-de-trabajo","status":"publish","type":"page","link":"https:\/\/grupoampm.com\/en\/bolsa-de-trabajo\/","title":{"rendered":"Work with Us"},"content":{"rendered":"<h2 class=\"text-th2 font-black text-airforce\">S\u00famate al equipo que mueve el mundo<\/h2>\n<p>No solo movemos paquetes, movemos ideas, sue\u00f1os y posibilidades. Somos una empresa en evoluci\u00f3n constante, donde el talento se valora, se escucha y se impulsa.<\/p>","protected":false},"excerpt":{"rendered":"<p>S\u00famate al equipo que mueve el mundo No solo movemos paquetes, movemos ideas, sue\u00f1os y posibilidades. Somos una empresa en evoluci\u00f3n constante, donde el talento se valora, se escucha y se impulsa.<\/p>","protected":false},"author":1,"featured_media":1089,"parent":0,"menu_order":0,"comment_status":"closed","ping_status":"closed","template":"","meta":{"_acf_changed":false,"content-type":"","inline_featured_image":false,"footnotes":""},"class_list":["post-1036","page","type-page","status-publish","has-post-thumbnail","hentry"],"acf":[],"yoast_head":"<!-- This site is optimized with the Yoast SEO plugin v27.3 - https:\/\/yoast.com\/product\/yoast-seo-wordpress\/ -->\n<title>Bolsa de Trabajo - Grupo ampm | Soluciones log\u00edsticas all in one en M\u00e9xico<\/title>\n<meta name=\"description\" content=\"\u00a1Forma parte de la familia Grupo ampm! Explora vacantes en mensajer\u00eda, log\u00edstica y administraci\u00f3n en todo M\u00e9xico. Impulsa tu carrera con nosotros. \u00a1Aplica hoy!\" \/>\n<meta name=\"robots\" content=\"index, follow, max-snippet:-1, max-image-preview:large, max-video-preview:-1\" \/>\n<link rel=\"canonical\" href=\"https:\/\/grupoampm.com\/en\/bolsa-de-trabajo\/\" \/>\n<meta property=\"og:locale\" content=\"en_US\" \/>\n<meta property=\"og:type\" content=\"article\" \/>\n<meta property=\"og:title\" content=\"Bolsa de Trabajo - Grupo ampm | Soluciones log\u00edsticas all in one en M\u00e9xico\" \/>\n<meta property=\"og:description\" content=\"\u00a1Forma parte de la familia Grupo ampm! Explora vacantes en mensajer\u00eda, log\u00edstica y administraci\u00f3n en todo M\u00e9xico. Impulsa tu carrera con nosotros. \u00a1Aplica hoy!\" \/>\n<meta property=\"og:url\" content=\"https:\/\/grupoampm.com\/en\/bolsa-de-trabajo\/\" \/>\n<meta property=\"og:site_name\" content=\"Grupo ampm | Soluciones log\u00edsticas all in one en M\u00e9xico\" \/>\n<meta property=\"article:modified_time\" content=\"2026-01-22T20:18:30+00:00\" \/>\n<meta property=\"og:image\" content=\"https:\/\/grupoampm.com\/wp-content\/uploads\/2025\/06\/Rectangle-7155.jpg\" \/>\n\t<meta property=\"og:image:width\" content=\"948\" \/>\n\t<meta property=\"og:image:height\" content=\"784\" \/>\n\t<meta property=\"og:image:type\" content=\"image\/jpeg\" \/>\n<meta name=\"twitter:card\" content=\"summary_large_image\" \/>\n<meta name=\"twitter:label1\" content=\"Est. reading time\" \/>\n\t<meta name=\"twitter:data1\" content=\"1 minute\" \/>\n<script type=\"application\/ld+json\" class=\"yoast-schema-graph\">{\"@context\":\"https:\\\/\\\/schema.org\",\"@graph\":[{\"@type\":\"WebPage\",\"@id\":\"https:\\\/\\\/grupoampm.com\\\/bolsa-de-trabajo\\\/\",\"url\":\"https:\\\/\\\/grupoampm.com\\\/bolsa-de-trabajo\\\/\",\"name\":\"Bolsa de Trabajo - Grupo ampm | Soluciones log\u00edsticas all in one en M\u00e9xico\",\"isPartOf\":{\"@id\":\"https:\\\/\\\/grupoampm.com\\\/#website\"},\"primaryImageOfPage\":{\"@id\":\"https:\\\/\\\/grupoampm.com\\\/bolsa-de-trabajo\\\/#primaryimage\"},\"image\":{\"@id\":\"https:\\\/\\\/grupoampm.com\\\/bolsa-de-trabajo\\\/#primaryimage\"},\"thumbnailUrl\":\"https:\\\/\\\/grupoampm.com\\\/wp-content\\\/uploads\\\/2025\\\/06\\\/Rectangle-7155.jpg\",\"datePublished\":\"2025-06-03T15:55:42+00:00\",\"dateModified\":\"2026-01-22T20:18:30+00:00\",\"description\":\"\u00a1Forma parte de la familia Grupo ampm! Explora vacantes en mensajer\u00eda, log\u00edstica y administraci\u00f3n en todo M\u00e9xico. Impulsa tu carrera con nosotros. \u00a1Aplica hoy!\",\"breadcrumb\":{\"@id\":\"https:\\\/\\\/grupoampm.com\\\/bolsa-de-trabajo\\\/#breadcrumb\"},\"inLanguage\":\"en-US\",\"potentialAction\":[{\"@type\":\"ReadAction\",\"target\":[\"https:\\\/\\\/grupoampm.com\\\/bolsa-de-trabajo\\\/\"]}]},{\"@type\":\"ImageObject\",\"inLanguage\":\"en-US\",\"@id\":\"https:\\\/\\\/grupoampm.com\\\/bolsa-de-trabajo\\\/#primaryimage\",\"url\":\"https:\\\/\\\/grupoampm.com\\\/wp-content\\\/uploads\\\/2025\\\/06\\\/Rectangle-7155.jpg\",\"contentUrl\":\"https:\\\/\\\/grupoampm.com\\\/wp-content\\\/uploads\\\/2025\\\/06\\\/Rectangle-7155.jpg\",\"width\":948,\"height\":784},{\"@type\":\"BreadcrumbList\",\"@id\":\"https:\\\/\\\/grupoampm.com\\\/bolsa-de-trabajo\\\/#breadcrumb\",\"itemListElement\":[{\"@type\":\"ListItem\",\"position\":1,\"name\":\"Home\",\"item\":\"https:\\\/\\\/grupoampm.com\\\/\"},{\"@type\":\"ListItem\",\"position\":2,\"name\":\"Bolsa de Trabajo\"}]},{\"@type\":\"WebSite\",\"@id\":\"https:\\\/\\\/grupoampm.com\\\/#website\",\"url\":\"https:\\\/\\\/grupoampm.com\\\/\",\"name\":\"AmPm\",\"description\":\"Encuentra las mejores soluciones log\u00edsticas en M\u00e9xico\",\"publisher\":{\"@id\":\"https:\\\/\\\/grupoampm.com\\\/#organization\"},\"potentialAction\":[{\"@type\":\"SearchAction\",\"target\":{\"@type\":\"EntryPoint\",\"urlTemplate\":\"https:\\\/\\\/grupoampm.com\\\/?s={search_term_string}\"},\"query-input\":{\"@type\":\"PropertyValueSpecification\",\"valueRequired\":true,\"valueName\":\"search_term_string\"}}],\"inLanguage\":\"en-US\"},{\"@type\":\"Organization\",\"@id\":\"https:\\\/\\\/grupoampm.com\\\/#organization\",\"name\":\"AmPm\",\"url\":\"https:\\\/\\\/grupoampm.com\\\/\",\"logo\":{\"@type\":\"ImageObject\",\"inLanguage\":\"en-US\",\"@id\":\"https:\\\/\\\/grupoampm.com\\\/#\\\/schema\\\/logo\\\/image\\\/\",\"url\":\"https:\\\/\\\/grupoampm.com\\\/wp-content\\\/uploads\\\/2025\\\/03\\\/ampm-logo.svg\",\"contentUrl\":\"https:\\\/\\\/grupoampm.com\\\/wp-content\\\/uploads\\\/2025\\\/03\\\/ampm-logo.svg\",\"width\":235,\"height\":48,\"caption\":\"AmPm\"},\"image\":{\"@id\":\"https:\\\/\\\/grupoampm.com\\\/#\\\/schema\\\/logo\\\/image\\\/\"}}]}<\/script>\n<!-- \/ Yoast SEO plugin. -->","yoast_head_json":{"title":"Bolsa de Trabajo - Grupo ampm | Soluciones log\u00edsticas all in one en M\u00e9xico","description":"\u00a1Forma parte de la familia Grupo ampm! Explora vacantes en mensajer\u00eda, log\u00edstica y administraci\u00f3n en todo M\u00e9xico. Impulsa tu carrera con nosotros. \u00a1Aplica hoy!","robots":{"index":"index","follow":"follow","max-snippet":"max-snippet:-1","max-image-preview":"max-image-preview:large","max-video-preview":"max-video-preview:-1"},"canonical":"https:\/\/grupoampm.com\/en\/bolsa-de-trabajo\/","og_locale":"en_US","og_type":"article","og_title":"Bolsa de Trabajo - Grupo ampm | Soluciones log\u00edsticas all in one en M\u00e9xico","og_description":"\u00a1Forma parte de la familia Grupo ampm! Explora vacantes en mensajer\u00eda, log\u00edstica y administraci\u00f3n en todo M\u00e9xico. Impulsa tu carrera con nosotros. \u00a1Aplica hoy!","og_url":"https:\/\/grupoampm.com\/en\/bolsa-de-trabajo\/","og_site_name":"Grupo ampm | Soluciones log\u00edsticas all in one en M\u00e9xico","article_modified_time":"2026-01-22T20:18:30+00:00","og_image":[{"width":948,"height":784,"url":"https:\/\/grupoampm.com\/wp-content\/uploads\/2025\/06\/Rectangle-7155.jpg","type":"image\/jpeg"}],"twitter_card":"summary_large_image","twitter_misc":{"Est. reading time":"1 minute"},"schema":{"@context":"https:\/\/schema.org","@graph":[{"@type":"WebPage","@id":"https:\/\/grupoampm.com\/bolsa-de-trabajo\/","url":"https:\/\/grupoampm.com\/bolsa-de-trabajo\/","name":"Bolsa de Trabajo - Grupo ampm | Soluciones log\u00edsticas all in one en M\u00e9xico","isPartOf":{"@id":"https:\/\/grupoampm.com\/#website"},"primaryImageOfPage":{"@id":"https:\/\/grupoampm.com\/bolsa-de-trabajo\/#primaryimage"},"image":{"@id":"https:\/\/grupoampm.com\/bolsa-de-trabajo\/#primaryimage"},"thumbnailUrl":"https:\/\/grupoampm.com\/wp-content\/uploads\/2025\/06\/Rectangle-7155.jpg","datePublished":"2025-06-03T15:55:42+00:00","dateModified":"2026-01-22T20:18:30+00:00","description":"\u00a1Forma parte de la familia Grupo ampm! Explora vacantes en mensajer\u00eda, log\u00edstica y administraci\u00f3n en todo M\u00e9xico. Impulsa tu carrera con nosotros. \u00a1Aplica hoy!","breadcrumb":{"@id":"https:\/\/grupoampm.com\/bolsa-de-trabajo\/#breadcrumb"},"inLanguage":"en-US","potentialAction":[{"@type":"ReadAction","target":["https:\/\/grupoampm.com\/bolsa-de-trabajo\/"]}]},{"@type":"ImageObject","inLanguage":"en-US","@id":"https:\/\/grupoampm.com\/bolsa-de-trabajo\/#primaryimage","url":"https:\/\/grupoampm.com\/wp-content\/uploads\/2025\/06\/Rectangle-7155.jpg","contentUrl":"https:\/\/grupoampm.com\/wp-content\/uploads\/2025\/06\/Rectangle-7155.jpg","width":948,"height":784},{"@type":"BreadcrumbList","@id":"https:\/\/grupoampm.com\/bolsa-de-trabajo\/#breadcrumb","itemListElement":[{"@type":"ListItem","position":1,"name":"Home","item":"https:\/\/grupoampm.com\/"},{"@type":"ListItem","position":2,"name":"Bolsa de Trabajo"}]},{"@type":"WebSite","@id":"https:\/\/grupoampm.com\/#website","url":"https:\/\/grupoampm.com\/","name":"AmPm","description":"Encuentra las mejores soluciones log\u00edsticas en M\u00e9xico","publisher":{"@id":"https:\/\/grupoampm.com\/#organization"},"potentialAction":[{"@type":"SearchAction","target":{"@type":"EntryPoint","urlTemplate":"https:\/\/grupoampm.com\/?s={search_term_string}"},"query-input":{"@type":"PropertyValueSpecification","valueRequired":true,"valueName":"search_term_string"}}],"inLanguage":"en-US"},{"@type":"Organization","@id":"https:\/\/grupoampm.com\/#organization","name":"AmPm","url":"https:\/\/grupoampm.com\/","logo":{"@type":"ImageObject","inLanguage":"en-US","@id":"https:\/\/grupoampm.com\/#\/schema\/logo\/image\/","url":"https:\/\/grupoampm.com\/wp-content\/uploads\/2025\/03\/ampm-logo.svg","contentUrl":"https:\/\/grupoampm.com\/wp-content\/uploads\/2025\/03\/ampm-logo.svg","width":235,"height":48,"caption":"AmPm"},"image":{"@id":"https:\/\/grupoampm.com\/#\/schema\/logo\/image\/"}}]}},"_links":{"self":[{"href":"https:\/\/grupoampm.com\/en\/wp-json\/wp\/v2\/pages\/1036","targetHints":{"allow":["GET"]}}],"collection":[{"href":"https:\/\/grupoampm.com\/en\/wp-json\/wp\/v2\/pages"}],"about":[{"href":"https:\/\/grupoampm.com\/en\/wp-json\/wp\/v2\/types\/page"}],"author":[{"embeddable":true,"href":"https:\/\/grupoampm.com\/en\/wp-json\/wp\/v2\/users\/1"}],"replies":[{"embeddable":true,"href":"https:\/\/grupoampm.com\/en\/wp-json\/wp\/v2\/comments?post=1036"}],"version-history":[{"count":4,"href":"https:\/\/grupoampm.com\/en\/wp-json\/wp\/v2\/pages\/1036\/revisions"}],"predecessor-version":[{"id":1077,"href":"https:\/\/grupoampm.com\/en\/wp-json\/wp\/v2\/pages\/1036\/revisions\/1077"}],"wp:featuredmedia":[{"embeddable":true,"href":"https:\/\/grupoampm.com\/en\/wp-json\/wp\/v2\/media\/1089"}],"wp:attachment":[{"href":"https:\/\/grupoampm.com\/en\/wp-json\/wp\/v2\/media?parent=1036"}],"curies":[{"name":"wp","href":"https:\/\/api.w.org\/{rel}","templated":true}]}}