{"id":1038,"date":"2025-06-03T15:57:27","date_gmt":"2025-06-03T15:57:27","guid":{"rendered":"https:\/\/ampm-corporativo.thetools.mx\/?page_id=1038"},"modified":"2025-06-18T19:54:10","modified_gmt":"2025-06-18T19:54:10","slug":"nuestra-cultura","status":"publish","type":"page","link":"https:\/\/grupoampm.com\/en\/bolsa-de-trabajo\/nuestra-cultura\/","title":{"rendered":"Nuestra cultura"},"content":{"rendered":"<h2 class=\"text-th2 text-airforce mb-6 font-bold\">Bienvenido a Grupo ampm<\/h2>\n<h3 class=\"text-th3 text-onyx mb-6 font-bold\">S\u00famate al equipo que conecta a M\u00e9xico.<\/h3>\n<p>En Grupo ampm, somos una empresa 100% mexicana con m\u00e1s de 35 a\u00f1os de experiencia ofreciendo soluciones log\u00edsticas que llegan hasta la \u00faltima milla.<\/p>\n<p>Confiabilidad, rapidez y capacidad son nuestra base, pero lo que realmente nos mueve es la pasi\u00f3n de nuestro talento humano.<\/p>\n<p>A lo largo de los a\u00f1os, pasamos de ser una compa\u00f1\u00eda de presencia local a consolidarnos como uno de los referentes m\u00e1s importantes del pa\u00eds en el sector transporte y log\u00edstica. Esta transformaci\u00f3n ha sido posible gracias al compromiso, entrega y profesionalismo de las personas que forman parte de esta historia. Hoy seguimos creciendo, innovando y escribiendo el futuro de la log\u00edstica, d\u00eda con d\u00eda, con cada entrega, con cada idea.<\/p>","protected":false},"excerpt":{"rendered":"<p>Bienvenido a Grupo ampm S\u00famate al equipo que conecta a M\u00e9xico. En Grupo ampm, somos una empresa 100% mexicana con m\u00e1s de 35 a\u00f1os de experiencia ofreciendo soluciones log\u00edsticas que llegan hasta la \u00faltima milla. Confiabilidad, rapidez y capacidad son nuestra base, pero lo que realmente nos mueve es la pasi\u00f3n de nuestro talento humano. [&hellip;]<\/p>\n","protected":false},"author":1,"featured_media":1090,"parent":1036,"menu_order":0,"comment_status":"closed","ping_status":"closed","template":"","meta":{"_acf_changed":false,"content-type":"","inline_featured_image":false,"footnotes":""},"class_list":["post-1038","page","type-page","status-publish","has-post-thumbnail","hentry"],"acf":[],"yoast_head":"<!-- This site is optimized with the Yoast SEO plugin v27.3 - https:\/\/yoast.com\/product\/yoast-seo-wordpress\/ -->\n<title>Nuestra cultura - Grupo ampm | Soluciones log\u00edsticas all in one en M\u00e9xico<\/title>\n<meta name=\"robots\" content=\"index, follow, max-snippet:-1, max-image-preview:large, max-video-preview:-1\" \/>\n<link rel=\"canonical\" href=\"https:\/\/grupoampm.com\/en\/bolsa-de-trabajo\/nuestra-cultura\/\" \/>\n<meta property=\"og:locale\" content=\"en_US\" \/>\n<meta property=\"og:type\" content=\"article\" \/>\n<meta property=\"og:title\" content=\"Nuestra cultura - Grupo ampm | Soluciones log\u00edsticas all in one en M\u00e9xico\" \/>\n<meta property=\"og:description\" content=\"Bienvenido a Grupo ampm S\u00famate al equipo que conecta a M\u00e9xico. En Grupo ampm, somos una empresa 100% mexicana con m\u00e1s de 35 a\u00f1os de experiencia ofreciendo soluciones log\u00edsticas que llegan hasta la \u00faltima milla. Confiabilidad, rapidez y capacidad son nuestra base, pero lo que realmente nos mueve es la pasi\u00f3n de nuestro talento humano. [&hellip;]\" \/>\n<meta property=\"og:url\" content=\"https:\/\/grupoampm.com\/en\/bolsa-de-trabajo\/nuestra-cultura\/\" \/>\n<meta property=\"og:site_name\" content=\"Grupo ampm | Soluciones log\u00edsticas all in one en M\u00e9xico\" \/>\n<meta property=\"article:modified_time\" content=\"2025-06-18T19:54:10+00:00\" \/>\n<meta property=\"og:image\" content=\"https:\/\/grupoampm.com\/wp-content\/uploads\/2025\/06\/Rectangle-7100.jpg\" \/>\n\t<meta property=\"og:image:width\" content=\"820\" \/>\n\t<meta property=\"og:image:height\" content=\"592\" \/>\n\t<meta property=\"og:image:type\" content=\"image\/jpeg\" \/>\n<meta name=\"twitter:card\" content=\"summary_large_image\" \/>\n<meta name=\"twitter:label1\" content=\"Est. reading time\" \/>\n\t<meta name=\"twitter:data1\" content=\"1 minute\" \/>\n<script type=\"application\/ld+json\" class=\"yoast-schema-graph\">{\"@context\":\"https:\\\/\\\/schema.org\",\"@graph\":[{\"@type\":\"WebPage\",\"@id\":\"https:\\\/\\\/grupoampm.com\\\/bolsa-de-trabajo\\\/nuestra-cultura\\\/\",\"url\":\"https:\\\/\\\/grupoampm.com\\\/bolsa-de-trabajo\\\/nuestra-cultura\\\/\",\"name\":\"Nuestra cultura - Grupo ampm | Soluciones log\u00edsticas all in one en M\u00e9xico\",\"isPartOf\":{\"@id\":\"https:\\\/\\\/grupoampm.com\\\/#website\"},\"primaryImageOfPage\":{\"@id\":\"https:\\\/\\\/grupoampm.com\\\/bolsa-de-trabajo\\\/nuestra-cultura\\\/#primaryimage\"},\"image\":{\"@id\":\"https:\\\/\\\/grupoampm.com\\\/bolsa-de-trabajo\\\/nuestra-cultura\\\/#primaryimage\"},\"thumbnailUrl\":\"https:\\\/\\\/grupoampm.com\\\/wp-content\\\/uploads\\\/2025\\\/06\\\/Rectangle-7100.jpg\",\"datePublished\":\"2025-06-03T15:57:27+00:00\",\"dateModified\":\"2025-06-18T19:54:10+00:00\",\"breadcrumb\":{\"@id\":\"https:\\\/\\\/grupoampm.com\\\/bolsa-de-trabajo\\\/nuestra-cultura\\\/#breadcrumb\"},\"inLanguage\":\"en-US\",\"potentialAction\":[{\"@type\":\"ReadAction\",\"target\":[\"https:\\\/\\\/grupoampm.com\\\/bolsa-de-trabajo\\\/nuestra-cultura\\\/\"]}]},{\"@type\":\"ImageObject\",\"inLanguage\":\"en-US\",\"@id\":\"https:\\\/\\\/grupoampm.com\\\/bolsa-de-trabajo\\\/nuestra-cultura\\\/#primaryimage\",\"url\":\"https:\\\/\\\/grupoampm.com\\\/wp-content\\\/uploads\\\/2025\\\/06\\\/Rectangle-7100.jpg\",\"contentUrl\":\"https:\\\/\\\/grupoampm.com\\\/wp-content\\\/uploads\\\/2025\\\/06\\\/Rectangle-7100.jpg\",\"width\":820,\"height\":592},{\"@type\":\"BreadcrumbList\",\"@id\":\"https:\\\/\\\/grupoampm.com\\\/bolsa-de-trabajo\\\/nuestra-cultura\\\/#breadcrumb\",\"itemListElement\":[{\"@type\":\"ListItem\",\"position\":1,\"name\":\"Home\",\"item\":\"https:\\\/\\\/grupoampm.com\\\/\"},{\"@type\":\"ListItem\",\"position\":2,\"name\":\"Bolsa de Trabajo\",\"item\":\"https:\\\/\\\/grupoampm.com\\\/bolsa-de-trabajo\\\/\"},{\"@type\":\"ListItem\",\"position\":3,\"name\":\"Nuestra cultura\"}]},{\"@type\":\"WebSite\",\"@id\":\"https:\\\/\\\/grupoampm.com\\\/#website\",\"url\":\"https:\\\/\\\/grupoampm.com\\\/\",\"name\":\"AmPm\",\"description\":\"Encuentra las mejores soluciones log\u00edsticas en M\u00e9xico\",\"publisher\":{\"@id\":\"https:\\\/\\\/grupoampm.com\\\/#organization\"},\"potentialAction\":[{\"@type\":\"SearchAction\",\"target\":{\"@type\":\"EntryPoint\",\"urlTemplate\":\"https:\\\/\\\/grupoampm.com\\\/?s={search_term_string}\"},\"query-input\":{\"@type\":\"PropertyValueSpecification\",\"valueRequired\":true,\"valueName\":\"search_term_string\"}}],\"inLanguage\":\"en-US\"},{\"@type\":\"Organization\",\"@id\":\"https:\\\/\\\/grupoampm.com\\\/#organization\",\"name\":\"AmPm\",\"url\":\"https:\\\/\\\/grupoampm.com\\\/\",\"logo\":{\"@type\":\"ImageObject\",\"inLanguage\":\"en-US\",\"@id\":\"https:\\\/\\\/grupoampm.com\\\/#\\\/schema\\\/logo\\\/image\\\/\",\"url\":\"https:\\\/\\\/grupoampm.com\\\/wp-content\\\/uploads\\\/2025\\\/03\\\/ampm-logo.svg\",\"contentUrl\":\"https:\\\/\\\/grupoampm.com\\\/wp-content\\\/uploads\\\/2025\\\/03\\\/ampm-logo.svg\",\"width\":235,\"height\":48,\"caption\":\"AmPm\"},\"image\":{\"@id\":\"https:\\\/\\\/grupoampm.com\\\/#\\\/schema\\\/logo\\\/image\\\/\"}}]}<\/script>\n<!-- \/ Yoast SEO plugin. -->","yoast_head_json":{"title":"Nuestra cultura - Grupo ampm | Soluciones log\u00edsticas all in one en M\u00e9xico","robots":{"index":"index","follow":"follow","max-snippet":"max-snippet:-1","max-image-preview":"max-image-preview:large","max-video-preview":"max-video-preview:-1"},"canonical":"https:\/\/grupoampm.com\/en\/bolsa-de-trabajo\/nuestra-cultura\/","og_locale":"en_US","og_type":"article","og_title":"Nuestra cultura - Grupo ampm | Soluciones log\u00edsticas all in one en M\u00e9xico","og_description":"Bienvenido a Grupo ampm S\u00famate al equipo que conecta a M\u00e9xico. En Grupo ampm, somos una empresa 100% mexicana con m\u00e1s de 35 a\u00f1os de experiencia ofreciendo soluciones log\u00edsticas que llegan hasta la \u00faltima milla. Confiabilidad, rapidez y capacidad son nuestra base, pero lo que realmente nos mueve es la pasi\u00f3n de nuestro talento humano. [&hellip;]","og_url":"https:\/\/grupoampm.com\/en\/bolsa-de-trabajo\/nuestra-cultura\/","og_site_name":"Grupo ampm | Soluciones log\u00edsticas all in one en M\u00e9xico","article_modified_time":"2025-06-18T19:54:10+00:00","og_image":[{"width":820,"height":592,"url":"https:\/\/grupoampm.com\/wp-content\/uploads\/2025\/06\/Rectangle-7100.jpg","type":"image\/jpeg"}],"twitter_card":"summary_large_image","twitter_misc":{"Est. reading time":"1 minute"},"schema":{"@context":"https:\/\/schema.org","@graph":[{"@type":"WebPage","@id":"https:\/\/grupoampm.com\/bolsa-de-trabajo\/nuestra-cultura\/","url":"https:\/\/grupoampm.com\/bolsa-de-trabajo\/nuestra-cultura\/","name":"Nuestra cultura - Grupo ampm | Soluciones log\u00edsticas all in one en M\u00e9xico","isPartOf":{"@id":"https:\/\/grupoampm.com\/#website"},"primaryImageOfPage":{"@id":"https:\/\/grupoampm.com\/bolsa-de-trabajo\/nuestra-cultura\/#primaryimage"},"image":{"@id":"https:\/\/grupoampm.com\/bolsa-de-trabajo\/nuestra-cultura\/#primaryimage"},"thumbnailUrl":"https:\/\/grupoampm.com\/wp-content\/uploads\/2025\/06\/Rectangle-7100.jpg","datePublished":"2025-06-03T15:57:27+00:00","dateModified":"2025-06-18T19:54:10+00:00","breadcrumb":{"@id":"https:\/\/grupoampm.com\/bolsa-de-trabajo\/nuestra-cultura\/#breadcrumb"},"inLanguage":"en-US","potentialAction":[{"@type":"ReadAction","target":["https:\/\/grupoampm.com\/bolsa-de-trabajo\/nuestra-cultura\/"]}]},{"@type":"ImageObject","inLanguage":"en-US","@id":"https:\/\/grupoampm.com\/bolsa-de-trabajo\/nuestra-cultura\/#primaryimage","url":"https:\/\/grupoampm.com\/wp-content\/uploads\/2025\/06\/Rectangle-7100.jpg","contentUrl":"https:\/\/grupoampm.com\/wp-content\/uploads\/2025\/06\/Rectangle-7100.jpg","width":820,"height":592},{"@type":"BreadcrumbList","@id":"https:\/\/grupoampm.com\/bolsa-de-trabajo\/nuestra-cultura\/#breadcrumb","itemListElement":[{"@type":"ListItem","position":1,"name":"Home","item":"https:\/\/grupoampm.com\/"},{"@type":"ListItem","position":2,"name":"Bolsa de Trabajo","item":"https:\/\/grupoampm.com\/bolsa-de-trabajo\/"},{"@type":"ListItem","position":3,"name":"Nuestra cultura"}]},{"@type":"WebSite","@id":"https:\/\/grupoampm.com\/#website","url":"https:\/\/grupoampm.com\/","name":"AmPm","description":"Encuentra las mejores soluciones log\u00edsticas en M\u00e9xico","publisher":{"@id":"https:\/\/grupoampm.com\/#organization"},"potentialAction":[{"@type":"SearchAction","target":{"@type":"EntryPoint","urlTemplate":"https:\/\/grupoampm.com\/?s={search_term_string}"},"query-input":{"@type":"PropertyValueSpecification","valueRequired":true,"valueName":"search_term_string"}}],"inLanguage":"en-US"},{"@type":"Organization","@id":"https:\/\/grupoampm.com\/#organization","name":"AmPm","url":"https:\/\/grupoampm.com\/","logo":{"@type":"ImageObject","inLanguage":"en-US","@id":"https:\/\/grupoampm.com\/#\/schema\/logo\/image\/","url":"https:\/\/grupoampm.com\/wp-content\/uploads\/2025\/03\/ampm-logo.svg","contentUrl":"https:\/\/grupoampm.com\/wp-content\/uploads\/2025\/03\/ampm-logo.svg","width":235,"height":48,"caption":"AmPm"},"image":{"@id":"https:\/\/grupoampm.com\/#\/schema\/logo\/image\/"}}]}},"_links":{"self":[{"href":"https:\/\/grupoampm.com\/en\/wp-json\/wp\/v2\/pages\/1038","targetHints":{"allow":["GET"]}}],"collection":[{"href":"https:\/\/grupoampm.com\/en\/wp-json\/wp\/v2\/pages"}],"about":[{"href":"https:\/\/grupoampm.com\/en\/wp-json\/wp\/v2\/types\/page"}],"author":[{"embeddable":true,"href":"https:\/\/grupoampm.com\/en\/wp-json\/wp\/v2\/users\/1"}],"replies":[{"embeddable":true,"href":"https:\/\/grupoampm.com\/en\/wp-json\/wp\/v2\/comments?post=1038"}],"version-history":[{"count":8,"href":"https:\/\/grupoampm.com\/en\/wp-json\/wp\/v2\/pages\/1038\/revisions"}],"predecessor-version":[{"id":1204,"href":"https:\/\/grupoampm.com\/en\/wp-json\/wp\/v2\/pages\/1038\/revisions\/1204"}],"up":[{"embeddable":true,"href":"https:\/\/grupoampm.com\/en\/wp-json\/wp\/v2\/pages\/1036"}],"wp:featuredmedia":[{"embeddable":true,"href":"https:\/\/grupoampm.com\/en\/wp-json\/wp\/v2\/media\/1090"}],"wp:attachment":[{"href":"https:\/\/grupoampm.com\/en\/wp-json\/wp\/v2\/media?parent=1038"}],"curies":[{"name":"wp","href":"https:\/\/api.w.org\/{rel}","templated":true}]}}