{"id":1234,"date":"2025-06-24T19:05:47","date_gmt":"2025-06-24T19:05:47","guid":{"rendered":"https:\/\/grupoampm.com\/?page_id=1234"},"modified":"2026-01-22T20:19:44","modified_gmt":"2026-01-22T20:19:44","slug":"consulta-el-estatus-de-tus-envios-y-guias-2-2","status":"publish","type":"page","link":"https:\/\/grupoampm.com\/en\/consulta-el-estatus-de-tus-envios-y-guias-2-2\/","title":{"rendered":"Contact"},"content":{"rendered":"<div class=\"TypographyPresentation TypographyPresentation--medium RichText3-paragraph--withVSpacingNormal HighlightSol HighlightSol--buildingBlock\">\u00bfEst\u00e1s buscando una soluci\u00f3n log\u00edstica a la medida para tu negocio o necesitas ayuda con el estatus de tu env\u00edo?<\/div>\n<div class=\"TypographyPresentation TypographyPresentation--medium RichText3-paragraph--withVSpacingNormal HighlightSol HighlightSol--buildingBlock\">Select the form that best suits your needs<\/div>","protected":false},"excerpt":{"rendered":"<p>\u00bfEst\u00e1s buscando una soluci\u00f3n log\u00edstica a la medida para tu negocio o necesitas ayuda con el estatus de tu env\u00edo? Selecciona el formulario que se adapta mejor a lo que necesitas:<\/p>","protected":false},"author":1,"featured_media":0,"parent":0,"menu_order":0,"comment_status":"closed","ping_status":"closed","template":"page-1234.php","meta":{"_acf_changed":false,"content-type":"","inline_featured_image":false,"footnotes":""},"class_list":["post-1234","page","type-page","status-publish","hentry"],"acf":[],"yoast_head":"<!-- This site is optimized with the Yoast SEO plugin v27.3 - https:\/\/yoast.com\/product\/yoast-seo-wordpress\/ -->\n<title>Contacto - Grupo ampm | Soluciones log\u00edsticas all in one en M\u00e9xico<\/title>\n<meta name=\"description\" content=\"Rastrea tu env\u00edo de Grupo ampm en tiempo real. Ingresa tu n\u00famero de gu\u00eda y conoce el estatus exacto de tu paquete de forma r\u00e1pida y segura. \u00a1Consulta aqu\u00ed! \ud83d\udce6\" \/>\n<meta name=\"robots\" content=\"index, follow, max-snippet:-1, max-image-preview:large, max-video-preview:-1\" \/>\n<link rel=\"canonical\" href=\"https:\/\/grupoampm.com\/en\/consulta-el-estatus-de-tus-envios-y-guias-2-2\/\" \/>\n<meta property=\"og:locale\" content=\"en_US\" \/>\n<meta property=\"og:type\" content=\"article\" \/>\n<meta property=\"og:title\" content=\"Contacto - Grupo ampm | Soluciones log\u00edsticas all in one en M\u00e9xico\" \/>\n<meta property=\"og:description\" content=\"Rastrea tu env\u00edo de Grupo ampm en tiempo real. Ingresa tu n\u00famero de gu\u00eda y conoce el estatus exacto de tu paquete de forma r\u00e1pida y segura. \u00a1Consulta aqu\u00ed! \ud83d\udce6\" \/>\n<meta property=\"og:url\" content=\"https:\/\/grupoampm.com\/en\/consulta-el-estatus-de-tus-envios-y-guias-2-2\/\" \/>\n<meta property=\"og:site_name\" content=\"Grupo ampm | Soluciones log\u00edsticas all in one en M\u00e9xico\" \/>\n<meta property=\"article:modified_time\" content=\"2026-01-22T20:19:44+00:00\" \/>\n<meta property=\"og:image\" content=\"https:\/\/grupoampm.com\/wp-content\/uploads\/2025\/08\/Proyecto-nuevo-1.jpg\" \/>\n\t<meta property=\"og:image:width\" content=\"1041\" \/>\n\t<meta property=\"og:image:height\" content=\"536\" \/>\n\t<meta property=\"og:image:type\" content=\"image\/jpeg\" \/>\n<meta name=\"twitter:card\" content=\"summary_large_image\" \/>\n<meta name=\"twitter:label1\" content=\"Est. reading time\" \/>\n\t<meta name=\"twitter:data1\" content=\"1 minute\" \/>\n<script type=\"application\/ld+json\" class=\"yoast-schema-graph\">{\"@context\":\"https:\\\/\\\/schema.org\",\"@graph\":[{\"@type\":\"WebPage\",\"@id\":\"https:\\\/\\\/grupoampm.com\\\/consulta-el-estatus-de-tus-envios-y-guias-2-2\\\/\",\"url\":\"https:\\\/\\\/grupoampm.com\\\/consulta-el-estatus-de-tus-envios-y-guias-2-2\\\/\",\"name\":\"Contacto - Grupo ampm | Soluciones log\u00edsticas all in one en M\u00e9xico\",\"isPartOf\":{\"@id\":\"https:\\\/\\\/grupoampm.com\\\/#website\"},\"datePublished\":\"2025-06-24T19:05:47+00:00\",\"dateModified\":\"2026-01-22T20:19:44+00:00\",\"description\":\"Rastrea tu env\u00edo de Grupo ampm en tiempo real. Ingresa tu n\u00famero de gu\u00eda y conoce el estatus exacto de tu paquete de forma r\u00e1pida y segura. \u00a1Consulta aqu\u00ed! \ud83d\udce6\",\"breadcrumb\":{\"@id\":\"https:\\\/\\\/grupoampm.com\\\/consulta-el-estatus-de-tus-envios-y-guias-2-2\\\/#breadcrumb\"},\"inLanguage\":\"en-US\",\"potentialAction\":[{\"@type\":\"ReadAction\",\"target\":[\"https:\\\/\\\/grupoampm.com\\\/consulta-el-estatus-de-tus-envios-y-guias-2-2\\\/\"]}]},{\"@type\":\"BreadcrumbList\",\"@id\":\"https:\\\/\\\/grupoampm.com\\\/consulta-el-estatus-de-tus-envios-y-guias-2-2\\\/#breadcrumb\",\"itemListElement\":[{\"@type\":\"ListItem\",\"position\":1,\"name\":\"Home\",\"item\":\"https:\\\/\\\/grupoampm.com\\\/\"},{\"@type\":\"ListItem\",\"position\":2,\"name\":\"Contacto\"}]},{\"@type\":\"WebSite\",\"@id\":\"https:\\\/\\\/grupoampm.com\\\/#website\",\"url\":\"https:\\\/\\\/grupoampm.com\\\/\",\"name\":\"AmPm\",\"description\":\"Encuentra las mejores soluciones log\u00edsticas en M\u00e9xico\",\"publisher\":{\"@id\":\"https:\\\/\\\/grupoampm.com\\\/#organization\"},\"potentialAction\":[{\"@type\":\"SearchAction\",\"target\":{\"@type\":\"EntryPoint\",\"urlTemplate\":\"https:\\\/\\\/grupoampm.com\\\/?s={search_term_string}\"},\"query-input\":{\"@type\":\"PropertyValueSpecification\",\"valueRequired\":true,\"valueName\":\"search_term_string\"}}],\"inLanguage\":\"en-US\"},{\"@type\":\"Organization\",\"@id\":\"https:\\\/\\\/grupoampm.com\\\/#organization\",\"name\":\"AmPm\",\"url\":\"https:\\\/\\\/grupoampm.com\\\/\",\"logo\":{\"@type\":\"ImageObject\",\"inLanguage\":\"en-US\",\"@id\":\"https:\\\/\\\/grupoampm.com\\\/#\\\/schema\\\/logo\\\/image\\\/\",\"url\":\"https:\\\/\\\/grupoampm.com\\\/wp-content\\\/uploads\\\/2025\\\/03\\\/ampm-logo.svg\",\"contentUrl\":\"https:\\\/\\\/grupoampm.com\\\/wp-content\\\/uploads\\\/2025\\\/03\\\/ampm-logo.svg\",\"width\":235,\"height\":48,\"caption\":\"AmPm\"},\"image\":{\"@id\":\"https:\\\/\\\/grupoampm.com\\\/#\\\/schema\\\/logo\\\/image\\\/\"}}]}<\/script>\n<!-- \/ Yoast SEO plugin. -->","yoast_head_json":{"title":"Contacto - Grupo ampm | Soluciones log\u00edsticas all in one en M\u00e9xico","description":"Rastrea tu env\u00edo de Grupo ampm en tiempo real. Ingresa tu n\u00famero de gu\u00eda y conoce el estatus exacto de tu paquete de forma r\u00e1pida y segura. \u00a1Consulta aqu\u00ed! \ud83d\udce6","robots":{"index":"index","follow":"follow","max-snippet":"max-snippet:-1","max-image-preview":"max-image-preview:large","max-video-preview":"max-video-preview:-1"},"canonical":"https:\/\/grupoampm.com\/en\/consulta-el-estatus-de-tus-envios-y-guias-2-2\/","og_locale":"en_US","og_type":"article","og_title":"Contacto - Grupo ampm | Soluciones log\u00edsticas all in one en M\u00e9xico","og_description":"Rastrea tu env\u00edo de Grupo ampm en tiempo real. Ingresa tu n\u00famero de gu\u00eda y conoce el estatus exacto de tu paquete de forma r\u00e1pida y segura. \u00a1Consulta aqu\u00ed! \ud83d\udce6","og_url":"https:\/\/grupoampm.com\/en\/consulta-el-estatus-de-tus-envios-y-guias-2-2\/","og_site_name":"Grupo ampm | Soluciones log\u00edsticas all in one en M\u00e9xico","article_modified_time":"2026-01-22T20:19:44+00:00","og_image":[{"width":1041,"height":536,"url":"https:\/\/grupoampm.com\/wp-content\/uploads\/2025\/08\/Proyecto-nuevo-1.jpg","type":"image\/jpeg"}],"twitter_card":"summary_large_image","twitter_misc":{"Est. reading time":"1 minute"},"schema":{"@context":"https:\/\/schema.org","@graph":[{"@type":"WebPage","@id":"https:\/\/grupoampm.com\/consulta-el-estatus-de-tus-envios-y-guias-2-2\/","url":"https:\/\/grupoampm.com\/consulta-el-estatus-de-tus-envios-y-guias-2-2\/","name":"Contacto - Grupo ampm | Soluciones log\u00edsticas all in one en M\u00e9xico","isPartOf":{"@id":"https:\/\/grupoampm.com\/#website"},"datePublished":"2025-06-24T19:05:47+00:00","dateModified":"2026-01-22T20:19:44+00:00","description":"Rastrea tu env\u00edo de Grupo ampm en tiempo real. Ingresa tu n\u00famero de gu\u00eda y conoce el estatus exacto de tu paquete de forma r\u00e1pida y segura. \u00a1Consulta aqu\u00ed! \ud83d\udce6","breadcrumb":{"@id":"https:\/\/grupoampm.com\/consulta-el-estatus-de-tus-envios-y-guias-2-2\/#breadcrumb"},"inLanguage":"en-US","potentialAction":[{"@type":"ReadAction","target":["https:\/\/grupoampm.com\/consulta-el-estatus-de-tus-envios-y-guias-2-2\/"]}]},{"@type":"BreadcrumbList","@id":"https:\/\/grupoampm.com\/consulta-el-estatus-de-tus-envios-y-guias-2-2\/#breadcrumb","itemListElement":[{"@type":"ListItem","position":1,"name":"Home","item":"https:\/\/grupoampm.com\/"},{"@type":"ListItem","position":2,"name":"Contacto"}]},{"@type":"WebSite","@id":"https:\/\/grupoampm.com\/#website","url":"https:\/\/grupoampm.com\/","name":"AmPm","description":"Encuentra las mejores soluciones log\u00edsticas en M\u00e9xico","publisher":{"@id":"https:\/\/grupoampm.com\/#organization"},"potentialAction":[{"@type":"SearchAction","target":{"@type":"EntryPoint","urlTemplate":"https:\/\/grupoampm.com\/?s={search_term_string}"},"query-input":{"@type":"PropertyValueSpecification","valueRequired":true,"valueName":"search_term_string"}}],"inLanguage":"en-US"},{"@type":"Organization","@id":"https:\/\/grupoampm.com\/#organization","name":"AmPm","url":"https:\/\/grupoampm.com\/","logo":{"@type":"ImageObject","inLanguage":"en-US","@id":"https:\/\/grupoampm.com\/#\/schema\/logo\/image\/","url":"https:\/\/grupoampm.com\/wp-content\/uploads\/2025\/03\/ampm-logo.svg","contentUrl":"https:\/\/grupoampm.com\/wp-content\/uploads\/2025\/03\/ampm-logo.svg","width":235,"height":48,"caption":"AmPm"},"image":{"@id":"https:\/\/grupoampm.com\/#\/schema\/logo\/image\/"}}]}},"_links":{"self":[{"href":"https:\/\/grupoampm.com\/en\/wp-json\/wp\/v2\/pages\/1234","targetHints":{"allow":["GET"]}}],"collection":[{"href":"https:\/\/grupoampm.com\/en\/wp-json\/wp\/v2\/pages"}],"about":[{"href":"https:\/\/grupoampm.com\/en\/wp-json\/wp\/v2\/types\/page"}],"author":[{"embeddable":true,"href":"https:\/\/grupoampm.com\/en\/wp-json\/wp\/v2\/users\/1"}],"replies":[{"embeddable":true,"href":"https:\/\/grupoampm.com\/en\/wp-json\/wp\/v2\/comments?post=1234"}],"version-history":[{"count":13,"href":"https:\/\/grupoampm.com\/en\/wp-json\/wp\/v2\/pages\/1234\/revisions"}],"predecessor-version":[{"id":1347,"href":"https:\/\/grupoampm.com\/en\/wp-json\/wp\/v2\/pages\/1234\/revisions\/1347"}],"wp:attachment":[{"href":"https:\/\/grupoampm.com\/en\/wp-json\/wp\/v2\/media?parent=1234"}],"curies":[{"name":"wp","href":"https:\/\/api.w.org\/{rel}","templated":true}]}}