{"id":1641,"date":"2025-10-27T17:24:08","date_gmt":"2025-10-27T17:24:08","guid":{"rendered":"https:\/\/grupoampm.com\/?page_id=1641"},"modified":"2025-10-27T17:59:19","modified_gmt":"2025-10-27T17:59:19","slug":"politica-integrada-de-seguridad","status":"publish","type":"page","link":"https:\/\/grupoampm.com\/en\/politica-integrada-de-seguridad\/","title":{"rendered":"Pol\u00edtica Integrada de Calidad y Seguridad"},"content":{"rendered":"<p>En beneficio y seguridad de nuestros clientes, Grupo ampm transforma y facilita el comercio nacional e internacional mediante el cumplimiento normativo, y de los requisitos log\u00edsticos a trav\u00e9s de entregas seguras, el fortalecimiento de las relaciones con sus socios comerciales, la contribuci\u00f3n permanente de la mejora continua de sus procesos y la implementaci\u00f3n de acciones que provengan que la empresa sea utilizada para actividades l\u00edcitas. <\/p>","protected":false},"excerpt":{"rendered":"<p>En beneficio y seguridad de nuestros clientes, Grupo ampm transforma y facilita el comercio nacional e internacional mediante el cumplimiento normativo, y de los requisitos log\u00edsticos a trav\u00e9s de entregas seguras, el fortalecimiento de las relaciones con sus socios comerciales, la contribuci\u00f3n permanente de la mejora continua de sus procesos y la implementaci\u00f3n de acciones [&hellip;]<\/p>\n","protected":false},"author":1,"featured_media":0,"parent":0,"menu_order":0,"comment_status":"closed","ping_status":"closed","template":"","meta":{"_acf_changed":false,"content-type":"","inline_featured_image":false,"footnotes":""},"class_list":["post-1641","page","type-page","status-publish","hentry"],"acf":[],"yoast_head":"<!-- This site is optimized with the Yoast SEO plugin v27.3 - https:\/\/yoast.com\/product\/yoast-seo-wordpress\/ -->\n<title>Pol\u00edtica Integrada de Calidad y Seguridad - Grupo ampm | Soluciones log\u00edsticas all in one en M\u00e9xico<\/title>\n<meta name=\"robots\" content=\"index, follow, max-snippet:-1, max-image-preview:large, max-video-preview:-1\" \/>\n<link rel=\"canonical\" href=\"https:\/\/grupoampm.com\/en\/politica-integrada-de-seguridad\/\" \/>\n<meta property=\"og:locale\" content=\"en_US\" \/>\n<meta property=\"og:type\" content=\"article\" \/>\n<meta property=\"og:title\" content=\"Pol\u00edtica Integrada de Calidad y Seguridad - Grupo ampm | Soluciones log\u00edsticas all in one en M\u00e9xico\" \/>\n<meta property=\"og:description\" content=\"En beneficio y seguridad de nuestros clientes, Grupo ampm transforma y facilita el comercio nacional e internacional mediante el cumplimiento normativo, y de los requisitos log\u00edsticos a trav\u00e9s de entregas seguras, el fortalecimiento de las relaciones con sus socios comerciales, la contribuci\u00f3n permanente de la mejora continua de sus procesos y la implementaci\u00f3n de acciones [&hellip;]\" \/>\n<meta property=\"og:url\" content=\"https:\/\/grupoampm.com\/en\/politica-integrada-de-seguridad\/\" \/>\n<meta property=\"og:site_name\" content=\"Grupo ampm | Soluciones log\u00edsticas all in one en M\u00e9xico\" \/>\n<meta property=\"article:modified_time\" content=\"2025-10-27T17:59:19+00:00\" \/>\n<meta property=\"og:image\" content=\"https:\/\/grupoampm.com\/wp-content\/uploads\/2025\/08\/Proyecto-nuevo-1.jpg\" \/>\n\t<meta property=\"og:image:width\" content=\"1041\" \/>\n\t<meta property=\"og:image:height\" content=\"536\" \/>\n\t<meta property=\"og:image:type\" content=\"image\/jpeg\" \/>\n<meta name=\"twitter:card\" content=\"summary_large_image\" \/>\n<meta name=\"twitter:label1\" content=\"Est. reading time\" \/>\n\t<meta name=\"twitter:data1\" content=\"1 minute\" \/>\n<script type=\"application\/ld+json\" class=\"yoast-schema-graph\">{\"@context\":\"https:\\\/\\\/schema.org\",\"@graph\":[{\"@type\":\"WebPage\",\"@id\":\"https:\\\/\\\/grupoampm.com\\\/politica-integrada-de-seguridad\\\/\",\"url\":\"https:\\\/\\\/grupoampm.com\\\/politica-integrada-de-seguridad\\\/\",\"name\":\"Pol\u00edtica Integrada de Calidad y Seguridad - Grupo ampm | Soluciones log\u00edsticas all in one en M\u00e9xico\",\"isPartOf\":{\"@id\":\"https:\\\/\\\/grupoampm.com\\\/#website\"},\"datePublished\":\"2025-10-27T17:24:08+00:00\",\"dateModified\":\"2025-10-27T17:59:19+00:00\",\"breadcrumb\":{\"@id\":\"https:\\\/\\\/grupoampm.com\\\/politica-integrada-de-seguridad\\\/#breadcrumb\"},\"inLanguage\":\"en-US\",\"potentialAction\":[{\"@type\":\"ReadAction\",\"target\":[\"https:\\\/\\\/grupoampm.com\\\/politica-integrada-de-seguridad\\\/\"]}]},{\"@type\":\"BreadcrumbList\",\"@id\":\"https:\\\/\\\/grupoampm.com\\\/politica-integrada-de-seguridad\\\/#breadcrumb\",\"itemListElement\":[{\"@type\":\"ListItem\",\"position\":1,\"name\":\"Home\",\"item\":\"https:\\\/\\\/grupoampm.com\\\/\"},{\"@type\":\"ListItem\",\"position\":2,\"name\":\"Pol\u00edtica Integrada de Calidad y Seguridad\"}]},{\"@type\":\"WebSite\",\"@id\":\"https:\\\/\\\/grupoampm.com\\\/#website\",\"url\":\"https:\\\/\\\/grupoampm.com\\\/\",\"name\":\"AmPm\",\"description\":\"Encuentra las mejores soluciones log\u00edsticas en M\u00e9xico\",\"publisher\":{\"@id\":\"https:\\\/\\\/grupoampm.com\\\/#organization\"},\"potentialAction\":[{\"@type\":\"SearchAction\",\"target\":{\"@type\":\"EntryPoint\",\"urlTemplate\":\"https:\\\/\\\/grupoampm.com\\\/?s={search_term_string}\"},\"query-input\":{\"@type\":\"PropertyValueSpecification\",\"valueRequired\":true,\"valueName\":\"search_term_string\"}}],\"inLanguage\":\"en-US\"},{\"@type\":\"Organization\",\"@id\":\"https:\\\/\\\/grupoampm.com\\\/#organization\",\"name\":\"AmPm\",\"url\":\"https:\\\/\\\/grupoampm.com\\\/\",\"logo\":{\"@type\":\"ImageObject\",\"inLanguage\":\"en-US\",\"@id\":\"https:\\\/\\\/grupoampm.com\\\/#\\\/schema\\\/logo\\\/image\\\/\",\"url\":\"https:\\\/\\\/grupoampm.com\\\/wp-content\\\/uploads\\\/2025\\\/03\\\/ampm-logo.svg\",\"contentUrl\":\"https:\\\/\\\/grupoampm.com\\\/wp-content\\\/uploads\\\/2025\\\/03\\\/ampm-logo.svg\",\"width\":235,\"height\":48,\"caption\":\"AmPm\"},\"image\":{\"@id\":\"https:\\\/\\\/grupoampm.com\\\/#\\\/schema\\\/logo\\\/image\\\/\"}}]}<\/script>\n<!-- \/ Yoast SEO plugin. -->","yoast_head_json":{"title":"Pol\u00edtica Integrada de Calidad y Seguridad - Grupo ampm | Soluciones log\u00edsticas all in one en M\u00e9xico","robots":{"index":"index","follow":"follow","max-snippet":"max-snippet:-1","max-image-preview":"max-image-preview:large","max-video-preview":"max-video-preview:-1"},"canonical":"https:\/\/grupoampm.com\/en\/politica-integrada-de-seguridad\/","og_locale":"en_US","og_type":"article","og_title":"Pol\u00edtica Integrada de Calidad y Seguridad - Grupo ampm | Soluciones log\u00edsticas all in one en M\u00e9xico","og_description":"En beneficio y seguridad de nuestros clientes, Grupo ampm transforma y facilita el comercio nacional e internacional mediante el cumplimiento normativo, y de los requisitos log\u00edsticos a trav\u00e9s de entregas seguras, el fortalecimiento de las relaciones con sus socios comerciales, la contribuci\u00f3n permanente de la mejora continua de sus procesos y la implementaci\u00f3n de acciones [&hellip;]","og_url":"https:\/\/grupoampm.com\/en\/politica-integrada-de-seguridad\/","og_site_name":"Grupo ampm | Soluciones log\u00edsticas all in one en M\u00e9xico","article_modified_time":"2025-10-27T17:59:19+00:00","og_image":[{"width":1041,"height":536,"url":"https:\/\/grupoampm.com\/wp-content\/uploads\/2025\/08\/Proyecto-nuevo-1.jpg","type":"image\/jpeg"}],"twitter_card":"summary_large_image","twitter_misc":{"Est. reading time":"1 minute"},"schema":{"@context":"https:\/\/schema.org","@graph":[{"@type":"WebPage","@id":"https:\/\/grupoampm.com\/politica-integrada-de-seguridad\/","url":"https:\/\/grupoampm.com\/politica-integrada-de-seguridad\/","name":"Pol\u00edtica Integrada de Calidad y Seguridad - Grupo ampm | Soluciones log\u00edsticas all in one en M\u00e9xico","isPartOf":{"@id":"https:\/\/grupoampm.com\/#website"},"datePublished":"2025-10-27T17:24:08+00:00","dateModified":"2025-10-27T17:59:19+00:00","breadcrumb":{"@id":"https:\/\/grupoampm.com\/politica-integrada-de-seguridad\/#breadcrumb"},"inLanguage":"en-US","potentialAction":[{"@type":"ReadAction","target":["https:\/\/grupoampm.com\/politica-integrada-de-seguridad\/"]}]},{"@type":"BreadcrumbList","@id":"https:\/\/grupoampm.com\/politica-integrada-de-seguridad\/#breadcrumb","itemListElement":[{"@type":"ListItem","position":1,"name":"Home","item":"https:\/\/grupoampm.com\/"},{"@type":"ListItem","position":2,"name":"Pol\u00edtica Integrada de Calidad y Seguridad"}]},{"@type":"WebSite","@id":"https:\/\/grupoampm.com\/#website","url":"https:\/\/grupoampm.com\/","name":"AmPm","description":"Encuentra las mejores soluciones log\u00edsticas en M\u00e9xico","publisher":{"@id":"https:\/\/grupoampm.com\/#organization"},"potentialAction":[{"@type":"SearchAction","target":{"@type":"EntryPoint","urlTemplate":"https:\/\/grupoampm.com\/?s={search_term_string}"},"query-input":{"@type":"PropertyValueSpecification","valueRequired":true,"valueName":"search_term_string"}}],"inLanguage":"en-US"},{"@type":"Organization","@id":"https:\/\/grupoampm.com\/#organization","name":"AmPm","url":"https:\/\/grupoampm.com\/","logo":{"@type":"ImageObject","inLanguage":"en-US","@id":"https:\/\/grupoampm.com\/#\/schema\/logo\/image\/","url":"https:\/\/grupoampm.com\/wp-content\/uploads\/2025\/03\/ampm-logo.svg","contentUrl":"https:\/\/grupoampm.com\/wp-content\/uploads\/2025\/03\/ampm-logo.svg","width":235,"height":48,"caption":"AmPm"},"image":{"@id":"https:\/\/grupoampm.com\/#\/schema\/logo\/image\/"}}]}},"_links":{"self":[{"href":"https:\/\/grupoampm.com\/en\/wp-json\/wp\/v2\/pages\/1641","targetHints":{"allow":["GET"]}}],"collection":[{"href":"https:\/\/grupoampm.com\/en\/wp-json\/wp\/v2\/pages"}],"about":[{"href":"https:\/\/grupoampm.com\/en\/wp-json\/wp\/v2\/types\/page"}],"author":[{"embeddable":true,"href":"https:\/\/grupoampm.com\/en\/wp-json\/wp\/v2\/users\/1"}],"replies":[{"embeddable":true,"href":"https:\/\/grupoampm.com\/en\/wp-json\/wp\/v2\/comments?post=1641"}],"version-history":[{"count":2,"href":"https:\/\/grupoampm.com\/en\/wp-json\/wp\/v2\/pages\/1641\/revisions"}],"predecessor-version":[{"id":1648,"href":"https:\/\/grupoampm.com\/en\/wp-json\/wp\/v2\/pages\/1641\/revisions\/1648"}],"wp:attachment":[{"href":"https:\/\/grupoampm.com\/en\/wp-json\/wp\/v2\/media?parent=1641"}],"curies":[{"name":"wp","href":"https:\/\/api.w.org\/{rel}","templated":true}]}}