{"id":1744,"date":"2026-01-22T18:28:29","date_gmt":"2026-01-22T18:28:29","guid":{"rendered":"https:\/\/grupoampm.com\/?page_id=1744"},"modified":"2026-01-22T20:17:37","modified_gmt":"2026-01-22T20:17:37","slug":"cotiza-tus-envios","status":"publish","type":"page","link":"https:\/\/grupoampm.com\/en\/grupo-ampm\/cotiza-tus-envios\/","title":{"rendered":"Env\u00edos"},"content":{"rendered":"<p><img loading=\"lazy\" decoding=\"async\" class=\"aligncenter size-full wp-image-1745\" src=\"https:\/\/grupoampm.com\/wp-content\/uploads\/2026\/01\/Proyecto-nuevo-2026-01-22T115112.691.jpg\" alt=\"\" width=\"1640\" height=\"664\" srcset=\"https:\/\/grupoampm.com\/wp-content\/uploads\/2026\/01\/Proyecto-nuevo-2026-01-22T115112.691.jpg 1640w, https:\/\/grupoampm.com\/wp-content\/uploads\/2026\/01\/Proyecto-nuevo-2026-01-22T115112.691-300x121.jpg 300w, https:\/\/grupoampm.com\/wp-content\/uploads\/2026\/01\/Proyecto-nuevo-2026-01-22T115112.691-1024x415.jpg 1024w, https:\/\/grupoampm.com\/wp-content\/uploads\/2026\/01\/Proyecto-nuevo-2026-01-22T115112.691-768x311.jpg 768w, https:\/\/grupoampm.com\/wp-content\/uploads\/2026\/01\/Proyecto-nuevo-2026-01-22T115112.691-1536x622.jpg 1536w, https:\/\/grupoampm.com\/wp-content\/uploads\/2026\/01\/Proyecto-nuevo-2026-01-22T115112.691-18x7.jpg 18w\" sizes=\"auto, (max-width: 1640px) 100vw, 1640px\" \/><\/p>\n<p>&nbsp;<\/p>\n<h3>Utiliza nuestra calculadora de tarifas en l\u00ednea para obtener costos precisos de paquetes o, ya sean destinos nacionales o internacionales. Solo ingresa los datos, obt\u00e9n tu cotizaci\u00f3n al instante y asegura tu servicio reservando en el momento.<\/h3>\n<p>&nbsp;<\/p>\n<p>&nbsp;<\/p>\n<p><img loading=\"lazy\" decoding=\"async\" class=\"alignleft size-full wp-image-1774\" src=\"https:\/\/grupoampm.com\/wp-content\/uploads\/2026\/01\/Proyecto-nuevo-2026-01-22T120531.948-2.jpg\" alt=\"\" width=\"1500\" height=\"200\" srcset=\"https:\/\/grupoampm.com\/wp-content\/uploads\/2026\/01\/Proyecto-nuevo-2026-01-22T120531.948-2.jpg 1500w, https:\/\/grupoampm.com\/wp-content\/uploads\/2026\/01\/Proyecto-nuevo-2026-01-22T120531.948-2-300x40.jpg 300w, https:\/\/grupoampm.com\/wp-content\/uploads\/2026\/01\/Proyecto-nuevo-2026-01-22T120531.948-2-1024x137.jpg 1024w, https:\/\/grupoampm.com\/wp-content\/uploads\/2026\/01\/Proyecto-nuevo-2026-01-22T120531.948-2-768x102.jpg 768w, https:\/\/grupoampm.com\/wp-content\/uploads\/2026\/01\/Proyecto-nuevo-2026-01-22T120531.948-2-18x2.jpg 18w\" sizes=\"auto, (max-width: 1500px) 100vw, 1500px\" \/><\/p>\n<div class=\"container\">\n<div id=\"container-bdc5a66f05\" class=\"cmp-container cmp-container--gutter-21 cmp-container--padding-size-28 cmp-container--left-on-top\">\n<div class=\"aem-Grid aem-Grid--12 aem-Grid--default--12\">\n<div class=\"text text-left text-default text-black text-margin-top aem-GridColumn aem-GridColumn--default--12\">\n<div id=\"text-9399e18b69\" class=\"cmp-text\">\n<p><img loading=\"lazy\" decoding=\"async\" class=\"alignleft wp-image-1770\" src=\"https:\/\/grupoampm.com\/wp-content\/uploads\/2026\/01\/image-54.jpg\" alt=\"\" width=\"758\" height=\"348\" srcset=\"https:\/\/grupoampm.com\/wp-content\/uploads\/2026\/01\/image-54.jpg 1505w, https:\/\/grupoampm.com\/wp-content\/uploads\/2026\/01\/image-54-300x138.jpg 300w, https:\/\/grupoampm.com\/wp-content\/uploads\/2026\/01\/image-54-1024x469.jpg 1024w, https:\/\/grupoampm.com\/wp-content\/uploads\/2026\/01\/image-54-768x352.jpg 768w, https:\/\/grupoampm.com\/wp-content\/uploads\/2026\/01\/image-54-18x8.jpg 18w\" sizes=\"auto, (max-width: 758px) 100vw, 758px\" \/><\/p>\n<p>&nbsp;<\/p>\n<h2><\/h2>\n<h2><\/h2>\n<h2><\/h2>\n<h2><\/h2>\n<h2><\/h2>\n<h2><\/h2>\n<h2><\/h2>\n<p><strong><span style=\"color: #000080;\">\u00bfC\u00f3mo estimamos la tarifas de env\u00edos en Grupo ampm?<\/span><\/strong><\/p>\n<p class=\"cmp-text__inline-text cmp-text__inline-text--small-body-copy\">Con nuestra <b data-path-to-node=\"3\" data-index-in-node=\"12\">calculadora de tarifas<\/b>, puedes comparar f\u00e1cilmente diversas opciones de log\u00edstica, evaluando el equilibrio ideal entre <b data-path-to-node=\"3\" data-index-in-node=\"131\">costo y tiempo de entrega<\/b>. Al desglosar nuestras tarifas, tendr\u00e1s total visibilidad de los cargos y servicios adicionales, permiti\u00e9ndote optimizar tu presupuesto al ajustar el tama\u00f1o, peso y la modalidad de entrega de tus paquetes.<\/p>\n<\/div>\n<\/div>\n<\/div>\n<\/div>\n<\/div>\n<p>&nbsp;<\/p>\n<p>&nbsp;<\/p>\n<div class=\"container\">\n<div id=\"container-66cb34d5a5\" class=\"cmp-container cmp-container--gutter-21 cmp-container--padding-size-28 cmp-container--left-on-top\">\n<div class=\"aem-Grid aem-Grid--12 aem-Grid--default--12\">\n<div class=\"text text-left text-default text-black text-margin-top aem-GridColumn aem-GridColumn--default--12\">\n<div id=\"text-3a7e739919\" class=\"cmp-text\">\n<p><span style=\"color: #000080;\"><strong>\u00bfC\u00f3mo utilizar el portal de Grupo ampm para cotizar?<\/strong><\/span><span style=\"color: #000080;\"><b data-path-to-node=\"5,0,0\" data-index-in-node=\"0\">Introduce los detalles del env\u00edo:<\/b><\/span> Comienza indicando el origen y destino. Especifica si se trata de un paquete individual o carga consolidada (palet), as\u00ed como sus dimensiones y peso.<\/p>\n<p>&nbsp;<\/p>\n<p><span style=\"color: #000080;\"><b data-path-to-node=\"5,1,0\" data-index-in-node=\"0\">Elige tu servicio ideal:<\/b> <\/span>Selecciona entre nuestra gama de servicios, desde entregas urgentes hasta soluciones econ\u00f3micas. Si realizas env\u00edos frecuentes, te recomendamos integrar tu <b data-path-to-node=\"5,1,0\" data-index-in-node=\"181\">cuenta comercial<\/b> para acceder a tarifas preferenciales.<\/p>\n<p>&nbsp;<\/p>\n<p><span style=\"color: #000080;\"><b data-path-to-node=\"5,2,0\" data-index-in-node=\"0\">Obt\u00e9n una cotizaci\u00f3n instant\u00e1nea:<\/b><\/span> Una vez completada la informaci\u00f3n, el sistema generar\u00e1 tu cotizaci\u00f3n en tiempo real.<\/p>\n<\/div>\n<\/div>\n<p>&nbsp;<\/p>\n<div class=\"text text-left text-default text-black text-margin-top aem-GridColumn aem-GridColumn--default--12\">\n<div id=\"text-3a7e739919\" class=\"cmp-text\">\n<p>&nbsp;<\/p>\n<p><span style=\"color: #000080;\"><b data-path-to-node=\"5,3,0\" data-index-in-node=\"0\">Revisa y reserva:<\/b><\/span> Si la propuesta se adapta a tus necesidades, genera tu gu\u00eda y programa tu recolecci\u00f3n directamente en nuestra plataforma.<\/p>\n<p>&nbsp;<\/p>\n<h2 data-path-to-node=\"6\"><span style=\"color: #000080;\">\u00bfPor qu\u00e9 elegir Grupo ampm?<\/span><\/h2>\n<ul>\n<li data-path-to-node=\"7,0,0\"><strong><span style=\"color: #000080;\">Experiencia y Confianza:<\/span> <\/strong>M\u00e1s de 30 a\u00f1os conectando a M\u00e9xico con soluciones log\u00edsticas a la medida.<\/li>\n<\/ul>\n<p>&nbsp;<\/p>\n<ul>\n<li data-path-to-node=\"7,0,0\"><strong><span style=\"color: #000080;\">Cobertura Total:<\/span><\/strong> Llegamos a cada rinc\u00f3n del pa\u00eds con una red propia y eficiente.<\/li>\n<\/ul>\n<p>&nbsp;<\/p>\n<ul>\n<li data-path-to-node=\"7,2,0\"><span style=\"color: #000080;\"><strong>Rastreo Inteligente:<\/strong><\/span> Mant\u00e9n el control total de tu mercanc\u00eda con actualizaciones en tiempo real a trav\u00e9s de nuestro portal.<\/li>\n<\/ul>\n<p>&nbsp;<\/p>\n<ul>\n<li data-path-to-node=\"7,3,0\"><strong><span style=\"color: #000080;\">Atenci\u00f3n Personalizada: <\/span><\/strong>Un equipo de expertos listos para brindarte soporte en cada paso de tu env\u00edo.<\/li>\n<\/ul>\n<p>&nbsp;<\/p>\n<h2 data-path-to-node=\"8\"><span style=\"color: #000080;\">\u00bfNecesitas realizar env\u00edos dentro de M\u00e9xico?<\/span><\/h2>\n<p>Ya sea que env\u00edes documentos locales o paquetes a cualquier Estado de M\u00e9xico, en <b data-path-to-node=\"9\" data-index-in-node=\"70\">Grupo ampm<\/b> somos tu aliado estrat\u00e9gico. Conf\u00eda en nuestra experiencia para encontrar la soluci\u00f3n que haga crecer tu negocio.<\/p>\n<p>&nbsp;<\/p>\n<\/div>\n<\/div>\n<\/div>\n<\/div>\n<\/div>","protected":false},"excerpt":{"rendered":"<p>&nbsp; Utiliza nuestra calculadora de tarifas en l\u00ednea para obtener costos precisos de paquetes o, ya sean destinos nacionales o internacionales. Solo ingresa los datos, obt\u00e9n tu cotizaci\u00f3n al instante y asegura tu servicio reservando en el momento. &nbsp; &nbsp; &nbsp; \u00bfC\u00f3mo estimamos la tarifas de env\u00edos en Grupo ampm? Con nuestra calculadora de tarifas, [&hellip;]<\/p>\n","protected":false},"author":1,"featured_media":0,"parent":21,"menu_order":0,"comment_status":"closed","ping_status":"closed","template":"","meta":{"_acf_changed":false,"content-type":"","inline_featured_image":false,"footnotes":""},"class_list":["post-1744","page","type-page","status-publish","hentry"],"acf":[],"yoast_head":"<!-- This site is optimized with the Yoast SEO plugin v27.3 - https:\/\/yoast.com\/product\/yoast-seo-wordpress\/ -->\n<title>Env\u00edos - Grupo ampm | Soluciones log\u00edsticas all in one en M\u00e9xico<\/title>\n<meta name=\"description\" content=\"Optimiza tu log\u00edstica con Grupo ampm. Expertos en env\u00edos, \u00faltima milla y mensajer\u00eda integral en M\u00e9xico.\" \/>\n<meta name=\"robots\" content=\"index, follow, max-snippet:-1, max-image-preview:large, max-video-preview:-1\" \/>\n<link rel=\"canonical\" href=\"https:\/\/grupoampm.com\/en\/grupo-ampm\/cotiza-tus-envios\/\" \/>\n<meta property=\"og:locale\" content=\"en_US\" \/>\n<meta property=\"og:type\" content=\"article\" \/>\n<meta property=\"og:title\" content=\"Env\u00edos - Grupo ampm | Soluciones log\u00edsticas all in one en M\u00e9xico\" \/>\n<meta property=\"og:description\" content=\"Optimiza tu log\u00edstica con Grupo ampm. Expertos en env\u00edos, \u00faltima milla y mensajer\u00eda integral en M\u00e9xico.\" \/>\n<meta property=\"og:url\" content=\"https:\/\/grupoampm.com\/en\/grupo-ampm\/cotiza-tus-envios\/\" \/>\n<meta property=\"og:site_name\" content=\"Grupo ampm | Soluciones log\u00edsticas all in one en M\u00e9xico\" \/>\n<meta property=\"article:modified_time\" content=\"2026-01-22T20:17:37+00:00\" \/>\n<meta property=\"og:image\" content=\"https:\/\/grupoampm.com\/wp-content\/uploads\/2026\/01\/Proyecto-nuevo-2026-01-22T115112.691.jpg\" \/>\n\t<meta property=\"og:image:width\" content=\"1640\" \/>\n\t<meta property=\"og:image:height\" content=\"664\" \/>\n\t<meta property=\"og:image:type\" content=\"image\/jpeg\" \/>\n<meta name=\"twitter:card\" content=\"summary_large_image\" \/>\n<meta name=\"twitter:label1\" content=\"Est. reading time\" \/>\n\t<meta name=\"twitter:data1\" content=\"3 minutes\" \/>\n<script type=\"application\/ld+json\" class=\"yoast-schema-graph\">{\"@context\":\"https:\\\/\\\/schema.org\",\"@graph\":[{\"@type\":\"WebPage\",\"@id\":\"https:\\\/\\\/grupoampm.com\\\/grupo-ampm\\\/cotiza-tus-envios\\\/\",\"url\":\"https:\\\/\\\/grupoampm.com\\\/grupo-ampm\\\/cotiza-tus-envios\\\/\",\"name\":\"Env\u00edos - Grupo ampm | Soluciones log\u00edsticas all in one en M\u00e9xico\",\"isPartOf\":{\"@id\":\"https:\\\/\\\/grupoampm.com\\\/#website\"},\"primaryImageOfPage\":{\"@id\":\"https:\\\/\\\/grupoampm.com\\\/grupo-ampm\\\/cotiza-tus-envios\\\/#primaryimage\"},\"image\":{\"@id\":\"https:\\\/\\\/grupoampm.com\\\/grupo-ampm\\\/cotiza-tus-envios\\\/#primaryimage\"},\"thumbnailUrl\":\"https:\\\/\\\/grupoampm.com\\\/wp-content\\\/uploads\\\/2026\\\/01\\\/Proyecto-nuevo-2026-01-22T115112.691.jpg\",\"datePublished\":\"2026-01-22T18:28:29+00:00\",\"dateModified\":\"2026-01-22T20:17:37+00:00\",\"description\":\"Optimiza tu log\u00edstica con Grupo ampm. Expertos en env\u00edos, \u00faltima milla y mensajer\u00eda integral en M\u00e9xico.\",\"breadcrumb\":{\"@id\":\"https:\\\/\\\/grupoampm.com\\\/grupo-ampm\\\/cotiza-tus-envios\\\/#breadcrumb\"},\"inLanguage\":\"en-US\",\"potentialAction\":[{\"@type\":\"ReadAction\",\"target\":[\"https:\\\/\\\/grupoampm.com\\\/grupo-ampm\\\/cotiza-tus-envios\\\/\"]}]},{\"@type\":\"ImageObject\",\"inLanguage\":\"en-US\",\"@id\":\"https:\\\/\\\/grupoampm.com\\\/grupo-ampm\\\/cotiza-tus-envios\\\/#primaryimage\",\"url\":\"https:\\\/\\\/grupoampm.com\\\/wp-content\\\/uploads\\\/2026\\\/01\\\/Proyecto-nuevo-2026-01-22T115112.691.jpg\",\"contentUrl\":\"https:\\\/\\\/grupoampm.com\\\/wp-content\\\/uploads\\\/2026\\\/01\\\/Proyecto-nuevo-2026-01-22T115112.691.jpg\"},{\"@type\":\"BreadcrumbList\",\"@id\":\"https:\\\/\\\/grupoampm.com\\\/grupo-ampm\\\/cotiza-tus-envios\\\/#breadcrumb\",\"itemListElement\":[{\"@type\":\"ListItem\",\"position\":1,\"name\":\"Home\",\"item\":\"https:\\\/\\\/grupoampm.com\\\/\"},{\"@type\":\"ListItem\",\"position\":2,\"name\":\"Home\",\"item\":\"https:\\\/\\\/grupoampm.com\\\/grupo-ampm\\\/\"},{\"@type\":\"ListItem\",\"position\":3,\"name\":\"Env\u00edos\"}]},{\"@type\":\"WebSite\",\"@id\":\"https:\\\/\\\/grupoampm.com\\\/#website\",\"url\":\"https:\\\/\\\/grupoampm.com\\\/\",\"name\":\"AmPm\",\"description\":\"Encuentra las mejores soluciones log\u00edsticas en M\u00e9xico\",\"publisher\":{\"@id\":\"https:\\\/\\\/grupoampm.com\\\/#organization\"},\"potentialAction\":[{\"@type\":\"SearchAction\",\"target\":{\"@type\":\"EntryPoint\",\"urlTemplate\":\"https:\\\/\\\/grupoampm.com\\\/?s={search_term_string}\"},\"query-input\":{\"@type\":\"PropertyValueSpecification\",\"valueRequired\":true,\"valueName\":\"search_term_string\"}}],\"inLanguage\":\"en-US\"},{\"@type\":\"Organization\",\"@id\":\"https:\\\/\\\/grupoampm.com\\\/#organization\",\"name\":\"AmPm\",\"url\":\"https:\\\/\\\/grupoampm.com\\\/\",\"logo\":{\"@type\":\"ImageObject\",\"inLanguage\":\"en-US\",\"@id\":\"https:\\\/\\\/grupoampm.com\\\/#\\\/schema\\\/logo\\\/image\\\/\",\"url\":\"https:\\\/\\\/grupoampm.com\\\/wp-content\\\/uploads\\\/2025\\\/03\\\/ampm-logo.svg\",\"contentUrl\":\"https:\\\/\\\/grupoampm.com\\\/wp-content\\\/uploads\\\/2025\\\/03\\\/ampm-logo.svg\",\"width\":235,\"height\":48,\"caption\":\"AmPm\"},\"image\":{\"@id\":\"https:\\\/\\\/grupoampm.com\\\/#\\\/schema\\\/logo\\\/image\\\/\"}}]}<\/script>\n<!-- \/ Yoast SEO plugin. -->","yoast_head_json":{"title":"Env\u00edos - Grupo ampm | Soluciones log\u00edsticas all in one en M\u00e9xico","description":"Optimiza tu log\u00edstica con Grupo ampm. Expertos en env\u00edos, \u00faltima milla y mensajer\u00eda integral en M\u00e9xico.","robots":{"index":"index","follow":"follow","max-snippet":"max-snippet:-1","max-image-preview":"max-image-preview:large","max-video-preview":"max-video-preview:-1"},"canonical":"https:\/\/grupoampm.com\/en\/grupo-ampm\/cotiza-tus-envios\/","og_locale":"en_US","og_type":"article","og_title":"Env\u00edos - Grupo ampm | Soluciones log\u00edsticas all in one en M\u00e9xico","og_description":"Optimiza tu log\u00edstica con Grupo ampm. Expertos en env\u00edos, \u00faltima milla y mensajer\u00eda integral en M\u00e9xico.","og_url":"https:\/\/grupoampm.com\/en\/grupo-ampm\/cotiza-tus-envios\/","og_site_name":"Grupo ampm | Soluciones log\u00edsticas all in one en M\u00e9xico","article_modified_time":"2026-01-22T20:17:37+00:00","og_image":[{"width":1640,"height":664,"url":"https:\/\/grupoampm.com\/wp-content\/uploads\/2026\/01\/Proyecto-nuevo-2026-01-22T115112.691.jpg","type":"image\/jpeg"}],"twitter_card":"summary_large_image","twitter_misc":{"Est. reading time":"3 minutes"},"schema":{"@context":"https:\/\/schema.org","@graph":[{"@type":"WebPage","@id":"https:\/\/grupoampm.com\/grupo-ampm\/cotiza-tus-envios\/","url":"https:\/\/grupoampm.com\/grupo-ampm\/cotiza-tus-envios\/","name":"Env\u00edos - Grupo ampm | Soluciones log\u00edsticas all in one en M\u00e9xico","isPartOf":{"@id":"https:\/\/grupoampm.com\/#website"},"primaryImageOfPage":{"@id":"https:\/\/grupoampm.com\/grupo-ampm\/cotiza-tus-envios\/#primaryimage"},"image":{"@id":"https:\/\/grupoampm.com\/grupo-ampm\/cotiza-tus-envios\/#primaryimage"},"thumbnailUrl":"https:\/\/grupoampm.com\/wp-content\/uploads\/2026\/01\/Proyecto-nuevo-2026-01-22T115112.691.jpg","datePublished":"2026-01-22T18:28:29+00:00","dateModified":"2026-01-22T20:17:37+00:00","description":"Optimiza tu log\u00edstica con Grupo ampm. Expertos en env\u00edos, \u00faltima milla y mensajer\u00eda integral en M\u00e9xico.","breadcrumb":{"@id":"https:\/\/grupoampm.com\/grupo-ampm\/cotiza-tus-envios\/#breadcrumb"},"inLanguage":"en-US","potentialAction":[{"@type":"ReadAction","target":["https:\/\/grupoampm.com\/grupo-ampm\/cotiza-tus-envios\/"]}]},{"@type":"ImageObject","inLanguage":"en-US","@id":"https:\/\/grupoampm.com\/grupo-ampm\/cotiza-tus-envios\/#primaryimage","url":"https:\/\/grupoampm.com\/wp-content\/uploads\/2026\/01\/Proyecto-nuevo-2026-01-22T115112.691.jpg","contentUrl":"https:\/\/grupoampm.com\/wp-content\/uploads\/2026\/01\/Proyecto-nuevo-2026-01-22T115112.691.jpg"},{"@type":"BreadcrumbList","@id":"https:\/\/grupoampm.com\/grupo-ampm\/cotiza-tus-envios\/#breadcrumb","itemListElement":[{"@type":"ListItem","position":1,"name":"Home","item":"https:\/\/grupoampm.com\/"},{"@type":"ListItem","position":2,"name":"Home","item":"https:\/\/grupoampm.com\/grupo-ampm\/"},{"@type":"ListItem","position":3,"name":"Env\u00edos"}]},{"@type":"WebSite","@id":"https:\/\/grupoampm.com\/#website","url":"https:\/\/grupoampm.com\/","name":"AmPm","description":"Encuentra las mejores soluciones log\u00edsticas en M\u00e9xico","publisher":{"@id":"https:\/\/grupoampm.com\/#organization"},"potentialAction":[{"@type":"SearchAction","target":{"@type":"EntryPoint","urlTemplate":"https:\/\/grupoampm.com\/?s={search_term_string}"},"query-input":{"@type":"PropertyValueSpecification","valueRequired":true,"valueName":"search_term_string"}}],"inLanguage":"en-US"},{"@type":"Organization","@id":"https:\/\/grupoampm.com\/#organization","name":"AmPm","url":"https:\/\/grupoampm.com\/","logo":{"@type":"ImageObject","inLanguage":"en-US","@id":"https:\/\/grupoampm.com\/#\/schema\/logo\/image\/","url":"https:\/\/grupoampm.com\/wp-content\/uploads\/2025\/03\/ampm-logo.svg","contentUrl":"https:\/\/grupoampm.com\/wp-content\/uploads\/2025\/03\/ampm-logo.svg","width":235,"height":48,"caption":"AmPm"},"image":{"@id":"https:\/\/grupoampm.com\/#\/schema\/logo\/image\/"}}]}},"_links":{"self":[{"href":"https:\/\/grupoampm.com\/en\/wp-json\/wp\/v2\/pages\/1744","targetHints":{"allow":["GET"]}}],"collection":[{"href":"https:\/\/grupoampm.com\/en\/wp-json\/wp\/v2\/pages"}],"about":[{"href":"https:\/\/grupoampm.com\/en\/wp-json\/wp\/v2\/types\/page"}],"author":[{"embeddable":true,"href":"https:\/\/grupoampm.com\/en\/wp-json\/wp\/v2\/users\/1"}],"replies":[{"embeddable":true,"href":"https:\/\/grupoampm.com\/en\/wp-json\/wp\/v2\/comments?post=1744"}],"version-history":[{"count":24,"href":"https:\/\/grupoampm.com\/en\/wp-json\/wp\/v2\/pages\/1744\/revisions"}],"predecessor-version":[{"id":1778,"href":"https:\/\/grupoampm.com\/en\/wp-json\/wp\/v2\/pages\/1744\/revisions\/1778"}],"up":[{"embeddable":true,"href":"https:\/\/grupoampm.com\/en\/wp-json\/wp\/v2\/pages\/21"}],"wp:attachment":[{"href":"https:\/\/grupoampm.com\/en\/wp-json\/wp\/v2\/media?parent=1744"}],"curies":[{"name":"wp","href":"https:\/\/api.w.org\/{rel}","templated":true}]}}