{"id":231,"date":"2025-03-11T15:53:05","date_gmt":"2025-03-11T15:53:05","guid":{"rendered":"https:\/\/ampm-corporativo.thetools.mx\/?page_id=231"},"modified":"2025-07-29T22:16:10","modified_gmt":"2025-07-29T22:16:10","slug":"servicios-ampm","status":"publish","type":"page","link":"https:\/\/grupoampm.com\/en\/servicios-ampm\/","title":{"rendered":"Services"},"content":{"rendered":"<p>En <strong>Grupo AMPM convertimos la log\u00edstica en una ventaja competitiva<\/strong>. Ofrecemos <strong>Soluciones dise\u00f1adas para optimizar cada etapa de tu operaci\u00f3n<\/strong>, desde el almacenaje hasta la \u00faltima milla. Nos <strong>enfocamos en reducir costos, agilizar procesos y garantizar la entrega segura<\/strong> de cada env\u00edo. Nuestra <strong>experiencia, infraestructura y tecnolog\u00eda<\/strong> nos permiten <strong>adaptarnos a las necesidades particulares de tu negocio<\/strong>, sin importar el tama\u00f1o o la industria.<\/p>","protected":false},"excerpt":{"rendered":"<p>En Grupo AMPM convertimos la log\u00edstica en una ventaja competitiva. Ofrecemos soluciones dise\u00f1adas para optimizar cada etapa de tu operaci\u00f3n, desde el almacenaje hasta la \u00faltima milla. Nos enfocamos en reducir costos, agilizar procesos y garantizar la entrega segura de cada env\u00edo. Nuestra experiencia, infraestructura y tecnolog\u00eda nos permiten adaptarnos a las necesidades particulares de [&hellip;]<\/p>\n","protected":false},"author":1,"featured_media":0,"parent":0,"menu_order":0,"comment_status":"closed","ping_status":"closed","template":"page-servicios.php","meta":{"_acf_changed":false,"content-type":"","inline_featured_image":false,"footnotes":""},"class_list":["post-231","page","type-page","status-publish","hentry"],"acf":[],"yoast_head":"<!-- This site is optimized with the Yoast SEO plugin v27.3 - https:\/\/yoast.com\/product\/yoast-seo-wordpress\/ -->\n<title>Servicios - | Soluciones log\u00edsticas para empresas y ecommerce<\/title>\n<meta name=\"description\" content=\"Descubre nuestras soluciones log\u00edsticas personalizadas para empresas y ecommerce. Optimiza tus entregas con cobertura nacional.\" \/>\n<meta name=\"robots\" content=\"index, follow, max-snippet:-1, max-image-preview:large, max-video-preview:-1\" \/>\n<link rel=\"canonical\" href=\"https:\/\/grupoampm.com\/en\/servicios-ampm\/\" \/>\n<meta property=\"og:locale\" content=\"en_US\" \/>\n<meta property=\"og:type\" content=\"article\" \/>\n<meta property=\"og:title\" content=\"Servicios - | Soluciones log\u00edsticas para empresas y ecommerce\" \/>\n<meta property=\"og:description\" content=\"Descubre nuestras soluciones log\u00edsticas personalizadas para empresas y ecommerce. Optimiza tus entregas con cobertura nacional.\" \/>\n<meta property=\"og:url\" content=\"https:\/\/grupoampm.com\/en\/servicios-ampm\/\" \/>\n<meta property=\"og:site_name\" content=\"Grupo ampm | Soluciones log\u00edsticas all in one en M\u00e9xico\" \/>\n<meta property=\"article:modified_time\" content=\"2025-07-29T22:16:10+00:00\" \/>\n<meta property=\"og:image\" content=\"https:\/\/grupoampm.com\/wp-content\/uploads\/2025\/08\/Proyecto-nuevo-1.jpg\" \/>\n\t<meta property=\"og:image:width\" content=\"1041\" \/>\n\t<meta property=\"og:image:height\" content=\"536\" \/>\n\t<meta property=\"og:image:type\" content=\"image\/jpeg\" \/>\n<meta name=\"twitter:card\" content=\"summary_large_image\" \/>\n<meta name=\"twitter:label1\" content=\"Est. reading time\" \/>\n\t<meta name=\"twitter:data1\" content=\"1 minute\" \/>\n<script type=\"application\/ld+json\" class=\"yoast-schema-graph\">{\"@context\":\"https:\\\/\\\/schema.org\",\"@graph\":[{\"@type\":\"WebPage\",\"@id\":\"https:\\\/\\\/grupoampm.com\\\/servicios-ampm\\\/\",\"url\":\"https:\\\/\\\/grupoampm.com\\\/servicios-ampm\\\/\",\"name\":\"Servicios - | Soluciones log\u00edsticas para empresas y ecommerce\",\"isPartOf\":{\"@id\":\"https:\\\/\\\/grupoampm.com\\\/#website\"},\"datePublished\":\"2025-03-11T15:53:05+00:00\",\"dateModified\":\"2025-07-29T22:16:10+00:00\",\"description\":\"Descubre nuestras soluciones log\u00edsticas personalizadas para empresas y ecommerce. Optimiza tus entregas con cobertura nacional.\",\"breadcrumb\":{\"@id\":\"https:\\\/\\\/grupoampm.com\\\/servicios-ampm\\\/#breadcrumb\"},\"inLanguage\":\"en-US\",\"potentialAction\":[{\"@type\":\"ReadAction\",\"target\":[\"https:\\\/\\\/grupoampm.com\\\/servicios-ampm\\\/\"]}]},{\"@type\":\"BreadcrumbList\",\"@id\":\"https:\\\/\\\/grupoampm.com\\\/servicios-ampm\\\/#breadcrumb\",\"itemListElement\":[{\"@type\":\"ListItem\",\"position\":1,\"name\":\"Home\",\"item\":\"https:\\\/\\\/grupoampm.com\\\/\"},{\"@type\":\"ListItem\",\"position\":2,\"name\":\"Servicios\"}]},{\"@type\":\"WebSite\",\"@id\":\"https:\\\/\\\/grupoampm.com\\\/#website\",\"url\":\"https:\\\/\\\/grupoampm.com\\\/\",\"name\":\"AmPm\",\"description\":\"Encuentra las mejores soluciones log\u00edsticas en M\u00e9xico\",\"publisher\":{\"@id\":\"https:\\\/\\\/grupoampm.com\\\/#organization\"},\"potentialAction\":[{\"@type\":\"SearchAction\",\"target\":{\"@type\":\"EntryPoint\",\"urlTemplate\":\"https:\\\/\\\/grupoampm.com\\\/?s={search_term_string}\"},\"query-input\":{\"@type\":\"PropertyValueSpecification\",\"valueRequired\":true,\"valueName\":\"search_term_string\"}}],\"inLanguage\":\"en-US\"},{\"@type\":\"Organization\",\"@id\":\"https:\\\/\\\/grupoampm.com\\\/#organization\",\"name\":\"AmPm\",\"url\":\"https:\\\/\\\/grupoampm.com\\\/\",\"logo\":{\"@type\":\"ImageObject\",\"inLanguage\":\"en-US\",\"@id\":\"https:\\\/\\\/grupoampm.com\\\/#\\\/schema\\\/logo\\\/image\\\/\",\"url\":\"https:\\\/\\\/grupoampm.com\\\/wp-content\\\/uploads\\\/2025\\\/03\\\/ampm-logo.svg\",\"contentUrl\":\"https:\\\/\\\/grupoampm.com\\\/wp-content\\\/uploads\\\/2025\\\/03\\\/ampm-logo.svg\",\"width\":235,\"height\":48,\"caption\":\"AmPm\"},\"image\":{\"@id\":\"https:\\\/\\\/grupoampm.com\\\/#\\\/schema\\\/logo\\\/image\\\/\"}}]}<\/script>\n<!-- \/ Yoast SEO plugin. -->","yoast_head_json":{"title":"Servicios - | Soluciones log\u00edsticas para empresas y ecommerce","description":"Descubre nuestras soluciones log\u00edsticas personalizadas para empresas y ecommerce. Optimiza tus entregas con cobertura nacional.","robots":{"index":"index","follow":"follow","max-snippet":"max-snippet:-1","max-image-preview":"max-image-preview:large","max-video-preview":"max-video-preview:-1"},"canonical":"https:\/\/grupoampm.com\/en\/servicios-ampm\/","og_locale":"en_US","og_type":"article","og_title":"Servicios - | Soluciones log\u00edsticas para empresas y ecommerce","og_description":"Descubre nuestras soluciones log\u00edsticas personalizadas para empresas y ecommerce. Optimiza tus entregas con cobertura nacional.","og_url":"https:\/\/grupoampm.com\/en\/servicios-ampm\/","og_site_name":"Grupo ampm | Soluciones log\u00edsticas all in one en M\u00e9xico","article_modified_time":"2025-07-29T22:16:10+00:00","og_image":[{"width":1041,"height":536,"url":"https:\/\/grupoampm.com\/wp-content\/uploads\/2025\/08\/Proyecto-nuevo-1.jpg","type":"image\/jpeg"}],"twitter_card":"summary_large_image","twitter_misc":{"Est. reading time":"1 minute"},"schema":{"@context":"https:\/\/schema.org","@graph":[{"@type":"WebPage","@id":"https:\/\/grupoampm.com\/servicios-ampm\/","url":"https:\/\/grupoampm.com\/servicios-ampm\/","name":"Servicios - | Soluciones log\u00edsticas para empresas y ecommerce","isPartOf":{"@id":"https:\/\/grupoampm.com\/#website"},"datePublished":"2025-03-11T15:53:05+00:00","dateModified":"2025-07-29T22:16:10+00:00","description":"Descubre nuestras soluciones log\u00edsticas personalizadas para empresas y ecommerce. Optimiza tus entregas con cobertura nacional.","breadcrumb":{"@id":"https:\/\/grupoampm.com\/servicios-ampm\/#breadcrumb"},"inLanguage":"en-US","potentialAction":[{"@type":"ReadAction","target":["https:\/\/grupoampm.com\/servicios-ampm\/"]}]},{"@type":"BreadcrumbList","@id":"https:\/\/grupoampm.com\/servicios-ampm\/#breadcrumb","itemListElement":[{"@type":"ListItem","position":1,"name":"Home","item":"https:\/\/grupoampm.com\/"},{"@type":"ListItem","position":2,"name":"Servicios"}]},{"@type":"WebSite","@id":"https:\/\/grupoampm.com\/#website","url":"https:\/\/grupoampm.com\/","name":"AmPm","description":"Encuentra las mejores soluciones log\u00edsticas en M\u00e9xico","publisher":{"@id":"https:\/\/grupoampm.com\/#organization"},"potentialAction":[{"@type":"SearchAction","target":{"@type":"EntryPoint","urlTemplate":"https:\/\/grupoampm.com\/?s={search_term_string}"},"query-input":{"@type":"PropertyValueSpecification","valueRequired":true,"valueName":"search_term_string"}}],"inLanguage":"en-US"},{"@type":"Organization","@id":"https:\/\/grupoampm.com\/#organization","name":"AmPm","url":"https:\/\/grupoampm.com\/","logo":{"@type":"ImageObject","inLanguage":"en-US","@id":"https:\/\/grupoampm.com\/#\/schema\/logo\/image\/","url":"https:\/\/grupoampm.com\/wp-content\/uploads\/2025\/03\/ampm-logo.svg","contentUrl":"https:\/\/grupoampm.com\/wp-content\/uploads\/2025\/03\/ampm-logo.svg","width":235,"height":48,"caption":"AmPm"},"image":{"@id":"https:\/\/grupoampm.com\/#\/schema\/logo\/image\/"}}]}},"_links":{"self":[{"href":"https:\/\/grupoampm.com\/en\/wp-json\/wp\/v2\/pages\/231","targetHints":{"allow":["GET"]}}],"collection":[{"href":"https:\/\/grupoampm.com\/en\/wp-json\/wp\/v2\/pages"}],"about":[{"href":"https:\/\/grupoampm.com\/en\/wp-json\/wp\/v2\/types\/page"}],"author":[{"embeddable":true,"href":"https:\/\/grupoampm.com\/en\/wp-json\/wp\/v2\/users\/1"}],"replies":[{"embeddable":true,"href":"https:\/\/grupoampm.com\/en\/wp-json\/wp\/v2\/comments?post=231"}],"version-history":[{"count":39,"href":"https:\/\/grupoampm.com\/en\/wp-json\/wp\/v2\/pages\/231\/revisions"}],"predecessor-version":[{"id":1329,"href":"https:\/\/grupoampm.com\/en\/wp-json\/wp\/v2\/pages\/231\/revisions\/1329"}],"wp:attachment":[{"href":"https:\/\/grupoampm.com\/en\/wp-json\/wp\/v2\/media?parent=231"}],"curies":[{"name":"wp","href":"https:\/\/api.w.org\/{rel}","templated":true}]}}