{"id":265,"date":"2025-03-12T16:01:36","date_gmt":"2025-03-12T16:01:36","guid":{"rendered":"https:\/\/ampm-corporativo.thetools.mx\/?page_id=265"},"modified":"2025-03-12T16:01:36","modified_gmt":"2025-03-12T16:01:36","slug":"guia-azul","status":"publish","type":"page","link":"https:\/\/grupoampm.com\/en\/guia-azul\/","title":{"rendered":"Gu\u00eda Azul"},"content":{"rendered":"<p>Explora temas de inter\u00e9s sobre log\u00edstica, innovaci\u00f3n y tendencias en log\u00edstica con la Gu\u00eda Azul de ampm, adem\u00e1s, encuentra consejos \u00fatiles para optimizar env\u00edos y mejorar la experiencia de tus clientes. Revisa tambi\u00e9n los aportes de nuestro director general, quien te compartir\u00e1 su visi\u00f3n sobre el desarrollo de la industria del transporte y log\u00edstica.<\/p>","protected":false},"excerpt":{"rendered":"<p>Explora temas de inter\u00e9s sobre log\u00edstica, innovaci\u00f3n y tendencias en log\u00edstica con la Gu\u00eda Azul de ampm, adem\u00e1s, encuentra consejos \u00fatiles para optimizar env\u00edos y mejorar la experiencia de tus clientes. Revisa tambi\u00e9n los aportes de nuestro director general, quien te compartir\u00e1 su visi\u00f3n sobre el desarrollo de la industria del transporte y log\u00edstica.<\/p>","protected":false},"author":1,"featured_media":0,"parent":0,"menu_order":0,"comment_status":"closed","ping_status":"closed","template":"","meta":{"_acf_changed":false,"content-type":"","inline_featured_image":false,"footnotes":""},"class_list":["post-265","page","type-page","status-publish","hentry"],"acf":[],"yoast_head":"<!-- This site is optimized with the Yoast SEO plugin v27.3 - https:\/\/yoast.com\/product\/yoast-seo-wordpress\/ -->\n<title>Gu\u00eda Azul - Grupo ampm | Soluciones log\u00edsticas all in one en M\u00e9xico<\/title>\n<meta name=\"robots\" content=\"index, follow, max-snippet:-1, max-image-preview:large, max-video-preview:-1\" \/>\n<link rel=\"canonical\" href=\"https:\/\/grupoampm.com\/en\/guia-azul\/\" \/>\n<meta property=\"og:locale\" content=\"en_US\" \/>\n<meta property=\"og:type\" content=\"article\" \/>\n<meta property=\"og:title\" content=\"Gu\u00eda Azul - Grupo ampm | Soluciones log\u00edsticas all in one en M\u00e9xico\" \/>\n<meta property=\"og:description\" content=\"Explora temas de inter\u00e9s sobre log\u00edstica, innovaci\u00f3n y tendencias en log\u00edstica con la Gu\u00eda Azul de ampm, adem\u00e1s, encuentra consejos \u00fatiles para optimizar env\u00edos y mejorar la experiencia de tus clientes. Revisa tambi\u00e9n los aportes de nuestro director general, quien te compartir\u00e1 su visi\u00f3n sobre el desarrollo de la industria del transporte y log\u00edstica.\" \/>\n<meta property=\"og:url\" content=\"https:\/\/grupoampm.com\/en\/guia-azul\/\" \/>\n<meta property=\"og:site_name\" content=\"Grupo ampm | Soluciones log\u00edsticas all in one en M\u00e9xico\" \/>\n<meta property=\"og:image\" content=\"https:\/\/grupoampm.com\/wp-content\/uploads\/2025\/08\/Proyecto-nuevo-1.jpg\" \/>\n\t<meta property=\"og:image:width\" content=\"1041\" \/>\n\t<meta property=\"og:image:height\" content=\"536\" \/>\n\t<meta property=\"og:image:type\" content=\"image\/jpeg\" \/>\n<meta name=\"twitter:card\" content=\"summary_large_image\" \/>\n<meta name=\"twitter:label1\" content=\"Est. reading time\" \/>\n\t<meta name=\"twitter:data1\" content=\"1 minute\" \/>\n<script type=\"application\/ld+json\" class=\"yoast-schema-graph\">{\"@context\":\"https:\\\/\\\/schema.org\",\"@graph\":[{\"@type\":\"WebPage\",\"@id\":\"https:\\\/\\\/grupoampm.com\\\/guia-azul\\\/\",\"url\":\"https:\\\/\\\/grupoampm.com\\\/guia-azul\\\/\",\"name\":\"Gu\u00eda Azul - Grupo ampm | Soluciones log\u00edsticas all in one en M\u00e9xico\",\"isPartOf\":{\"@id\":\"https:\\\/\\\/grupoampm.com\\\/#website\"},\"datePublished\":\"2025-03-12T16:01:36+00:00\",\"breadcrumb\":{\"@id\":\"https:\\\/\\\/grupoampm.com\\\/guia-azul\\\/#breadcrumb\"},\"inLanguage\":\"en-US\",\"potentialAction\":[{\"@type\":\"ReadAction\",\"target\":[\"https:\\\/\\\/grupoampm.com\\\/guia-azul\\\/\"]}]},{\"@type\":\"BreadcrumbList\",\"@id\":\"https:\\\/\\\/grupoampm.com\\\/guia-azul\\\/#breadcrumb\",\"itemListElement\":[{\"@type\":\"ListItem\",\"position\":1,\"name\":\"Home\",\"item\":\"https:\\\/\\\/grupoampm.com\\\/\"},{\"@type\":\"ListItem\",\"position\":2,\"name\":\"Gu\u00eda Azul\"}]},{\"@type\":\"WebSite\",\"@id\":\"https:\\\/\\\/grupoampm.com\\\/#website\",\"url\":\"https:\\\/\\\/grupoampm.com\\\/\",\"name\":\"AmPm\",\"description\":\"Encuentra las mejores soluciones log\u00edsticas en M\u00e9xico\",\"publisher\":{\"@id\":\"https:\\\/\\\/grupoampm.com\\\/#organization\"},\"potentialAction\":[{\"@type\":\"SearchAction\",\"target\":{\"@type\":\"EntryPoint\",\"urlTemplate\":\"https:\\\/\\\/grupoampm.com\\\/?s={search_term_string}\"},\"query-input\":{\"@type\":\"PropertyValueSpecification\",\"valueRequired\":true,\"valueName\":\"search_term_string\"}}],\"inLanguage\":\"en-US\"},{\"@type\":\"Organization\",\"@id\":\"https:\\\/\\\/grupoampm.com\\\/#organization\",\"name\":\"AmPm\",\"url\":\"https:\\\/\\\/grupoampm.com\\\/\",\"logo\":{\"@type\":\"ImageObject\",\"inLanguage\":\"en-US\",\"@id\":\"https:\\\/\\\/grupoampm.com\\\/#\\\/schema\\\/logo\\\/image\\\/\",\"url\":\"https:\\\/\\\/grupoampm.com\\\/wp-content\\\/uploads\\\/2025\\\/03\\\/ampm-logo.svg\",\"contentUrl\":\"https:\\\/\\\/grupoampm.com\\\/wp-content\\\/uploads\\\/2025\\\/03\\\/ampm-logo.svg\",\"width\":235,\"height\":48,\"caption\":\"AmPm\"},\"image\":{\"@id\":\"https:\\\/\\\/grupoampm.com\\\/#\\\/schema\\\/logo\\\/image\\\/\"}}]}<\/script>\n<!-- \/ Yoast SEO plugin. -->","yoast_head_json":{"title":"Gu\u00eda Azul - Grupo ampm | Soluciones log\u00edsticas all in one en M\u00e9xico","robots":{"index":"index","follow":"follow","max-snippet":"max-snippet:-1","max-image-preview":"max-image-preview:large","max-video-preview":"max-video-preview:-1"},"canonical":"https:\/\/grupoampm.com\/en\/guia-azul\/","og_locale":"en_US","og_type":"article","og_title":"Gu\u00eda Azul - Grupo ampm | Soluciones log\u00edsticas all in one en M\u00e9xico","og_description":"Explora temas de inter\u00e9s sobre log\u00edstica, innovaci\u00f3n y tendencias en log\u00edstica con la Gu\u00eda Azul de ampm, adem\u00e1s, encuentra consejos \u00fatiles para optimizar env\u00edos y mejorar la experiencia de tus clientes. Revisa tambi\u00e9n los aportes de nuestro director general, quien te compartir\u00e1 su visi\u00f3n sobre el desarrollo de la industria del transporte y log\u00edstica.","og_url":"https:\/\/grupoampm.com\/en\/guia-azul\/","og_site_name":"Grupo ampm | Soluciones log\u00edsticas all in one en M\u00e9xico","og_image":[{"width":1041,"height":536,"url":"https:\/\/grupoampm.com\/wp-content\/uploads\/2025\/08\/Proyecto-nuevo-1.jpg","type":"image\/jpeg"}],"twitter_card":"summary_large_image","twitter_misc":{"Est. reading time":"1 minute"},"schema":{"@context":"https:\/\/schema.org","@graph":[{"@type":"WebPage","@id":"https:\/\/grupoampm.com\/guia-azul\/","url":"https:\/\/grupoampm.com\/guia-azul\/","name":"Gu\u00eda Azul - Grupo ampm | Soluciones log\u00edsticas all in one en M\u00e9xico","isPartOf":{"@id":"https:\/\/grupoampm.com\/#website"},"datePublished":"2025-03-12T16:01:36+00:00","breadcrumb":{"@id":"https:\/\/grupoampm.com\/guia-azul\/#breadcrumb"},"inLanguage":"en-US","potentialAction":[{"@type":"ReadAction","target":["https:\/\/grupoampm.com\/guia-azul\/"]}]},{"@type":"BreadcrumbList","@id":"https:\/\/grupoampm.com\/guia-azul\/#breadcrumb","itemListElement":[{"@type":"ListItem","position":1,"name":"Home","item":"https:\/\/grupoampm.com\/"},{"@type":"ListItem","position":2,"name":"Gu\u00eda Azul"}]},{"@type":"WebSite","@id":"https:\/\/grupoampm.com\/#website","url":"https:\/\/grupoampm.com\/","name":"AmPm","description":"Encuentra las mejores soluciones log\u00edsticas en M\u00e9xico","publisher":{"@id":"https:\/\/grupoampm.com\/#organization"},"potentialAction":[{"@type":"SearchAction","target":{"@type":"EntryPoint","urlTemplate":"https:\/\/grupoampm.com\/?s={search_term_string}"},"query-input":{"@type":"PropertyValueSpecification","valueRequired":true,"valueName":"search_term_string"}}],"inLanguage":"en-US"},{"@type":"Organization","@id":"https:\/\/grupoampm.com\/#organization","name":"AmPm","url":"https:\/\/grupoampm.com\/","logo":{"@type":"ImageObject","inLanguage":"en-US","@id":"https:\/\/grupoampm.com\/#\/schema\/logo\/image\/","url":"https:\/\/grupoampm.com\/wp-content\/uploads\/2025\/03\/ampm-logo.svg","contentUrl":"https:\/\/grupoampm.com\/wp-content\/uploads\/2025\/03\/ampm-logo.svg","width":235,"height":48,"caption":"AmPm"},"image":{"@id":"https:\/\/grupoampm.com\/#\/schema\/logo\/image\/"}}]}},"_links":{"self":[{"href":"https:\/\/grupoampm.com\/en\/wp-json\/wp\/v2\/pages\/265","targetHints":{"allow":["GET"]}}],"collection":[{"href":"https:\/\/grupoampm.com\/en\/wp-json\/wp\/v2\/pages"}],"about":[{"href":"https:\/\/grupoampm.com\/en\/wp-json\/wp\/v2\/types\/page"}],"author":[{"embeddable":true,"href":"https:\/\/grupoampm.com\/en\/wp-json\/wp\/v2\/users\/1"}],"replies":[{"embeddable":true,"href":"https:\/\/grupoampm.com\/en\/wp-json\/wp\/v2\/comments?post=265"}],"version-history":[{"count":1,"href":"https:\/\/grupoampm.com\/en\/wp-json\/wp\/v2\/pages\/265\/revisions"}],"predecessor-version":[{"id":266,"href":"https:\/\/grupoampm.com\/en\/wp-json\/wp\/v2\/pages\/265\/revisions\/266"}],"wp:attachment":[{"href":"https:\/\/grupoampm.com\/en\/wp-json\/wp\/v2\/media?parent=265"}],"curies":[{"name":"wp","href":"https:\/\/api.w.org\/{rel}","templated":true}]}}