{"id":48,"date":"2025-03-04T00:28:46","date_gmt":"2025-03-04T00:28:46","guid":{"rendered":"https:\/\/ampm-corporativo.thetools.mx\/?page_id=48"},"modified":"2025-09-26T18:57:06","modified_gmt":"2025-09-26T18:57:06","slug":"nosotros","status":"publish","type":"page","link":"https:\/\/grupoampm.com\/en\/nosotros\/","title":{"rendered":"We are ampm"},"content":{"rendered":"<p>For more than 35 years, Grupo AMPM has been transforming logistics into a key advantage for our clients. Our journey began as a local courier service, and we have since grown to become a national leader in transport, warehousing, and integrated logistics solutions. <strong>m\u00e1s de 35 a\u00f1os transformando la log\u00edstica en una ventaja<\/strong> real para nuestros clientes. Iniciamos como una empresa local de mensajer\u00eda, y hoy<strong> somos un referente nacional en transporte, almacenaje y soluciones log\u00edsticas integrales<\/strong>.<\/p>\n<p>&nbsp;<\/p>\n<p>Nuestro prop\u00f3sito va m\u00e1s all\u00e1 de mover paquetes: <strong>Our purpose goes beyond moving packages: we connect businesses with opportunities, people with solutions, and every shipment with its destination. What we transport is important, but what our clients achieve thanks to it is what truly drives us.<\/strong> y cada env\u00edo con su destino. Lo que transportamos importa, pero lo que nuestros clientes logran gracias a ello, es lo que realmente nos mueve.<\/p>","protected":false},"excerpt":{"rendered":"<p>En Grupo AMPM, llevamos m\u00e1s de 35 a\u00f1os transformando la log\u00edstica en una ventaja real para nuestros clientes. Iniciamos como una empresa local de mensajer\u00eda, y hoy somos un referente nacional en transporte, almacenaje y soluciones log\u00edsticas integrales. &nbsp; Nuestro prop\u00f3sito va m\u00e1s all\u00e1 de mover paquetes: conectamos negocios con oportunidades, personas con soluciones y [&hellip;]<\/p>\n","protected":false},"author":1,"featured_media":889,"parent":0,"menu_order":0,"comment_status":"closed","ping_status":"closed","template":"","meta":{"_acf_changed":false,"content-type":"","inline_featured_image":false,"footnotes":""},"class_list":["post-48","page","type-page","status-publish","has-post-thumbnail","hentry"],"acf":[],"yoast_head":"<!-- This site is optimized with the Yoast SEO plugin v27.3 - https:\/\/yoast.com\/product\/yoast-seo-wordpress\/ -->\n<title>Nosotros - Grupo ampm | Soluciones log\u00edsticas all in one en M\u00e9xico<\/title>\n<meta name=\"robots\" content=\"index, follow, max-snippet:-1, max-image-preview:large, max-video-preview:-1\" \/>\n<link rel=\"canonical\" href=\"https:\/\/grupoampm.com\/en\/nosotros\/\" \/>\n<meta property=\"og:locale\" content=\"en_US\" \/>\n<meta property=\"og:type\" content=\"article\" \/>\n<meta property=\"og:title\" content=\"Nosotros - Grupo ampm | Soluciones log\u00edsticas all in one en M\u00e9xico\" \/>\n<meta property=\"og:description\" content=\"En Grupo AMPM, llevamos m\u00e1s de 35 a\u00f1os transformando la log\u00edstica en una ventaja real para nuestros clientes. Iniciamos como una empresa local de mensajer\u00eda, y hoy somos un referente nacional en transporte, almacenaje y soluciones log\u00edsticas integrales. &nbsp; Nuestro prop\u00f3sito va m\u00e1s all\u00e1 de mover paquetes: conectamos negocios con oportunidades, personas con soluciones y [&hellip;]\" \/>\n<meta property=\"og:url\" content=\"https:\/\/grupoampm.com\/en\/nosotros\/\" \/>\n<meta property=\"og:site_name\" content=\"Grupo ampm | Soluciones log\u00edsticas all in one en M\u00e9xico\" \/>\n<meta property=\"article:modified_time\" content=\"2025-09-26T18:57:06+00:00\" \/>\n<meta property=\"og:image\" content=\"https:\/\/grupoampm.com\/wp-content\/uploads\/2025\/05\/img-nosotros.jpg\" \/>\n\t<meta property=\"og:image:width\" content=\"1081\" \/>\n\t<meta property=\"og:image:height\" content=\"635\" \/>\n\t<meta property=\"og:image:type\" content=\"image\/jpeg\" \/>\n<meta name=\"twitter:card\" content=\"summary_large_image\" \/>\n<meta name=\"twitter:label1\" content=\"Est. reading time\" \/>\n\t<meta name=\"twitter:data1\" content=\"1 minute\" \/>\n<script type=\"application\/ld+json\" class=\"yoast-schema-graph\">{\"@context\":\"https:\\\/\\\/schema.org\",\"@graph\":[{\"@type\":\"WebPage\",\"@id\":\"https:\\\/\\\/grupoampm.com\\\/nosotros\\\/\",\"url\":\"https:\\\/\\\/grupoampm.com\\\/nosotros\\\/\",\"name\":\"Nosotros - Grupo ampm | Soluciones log\u00edsticas all in one en M\u00e9xico\",\"isPartOf\":{\"@id\":\"https:\\\/\\\/grupoampm.com\\\/#website\"},\"primaryImageOfPage\":{\"@id\":\"https:\\\/\\\/grupoampm.com\\\/nosotros\\\/#primaryimage\"},\"image\":{\"@id\":\"https:\\\/\\\/grupoampm.com\\\/nosotros\\\/#primaryimage\"},\"thumbnailUrl\":\"https:\\\/\\\/grupoampm.com\\\/wp-content\\\/uploads\\\/2025\\\/05\\\/img-nosotros.jpg\",\"datePublished\":\"2025-03-04T00:28:46+00:00\",\"dateModified\":\"2025-09-26T18:57:06+00:00\",\"breadcrumb\":{\"@id\":\"https:\\\/\\\/grupoampm.com\\\/nosotros\\\/#breadcrumb\"},\"inLanguage\":\"en-US\",\"potentialAction\":[{\"@type\":\"ReadAction\",\"target\":[\"https:\\\/\\\/grupoampm.com\\\/nosotros\\\/\"]}]},{\"@type\":\"ImageObject\",\"inLanguage\":\"en-US\",\"@id\":\"https:\\\/\\\/grupoampm.com\\\/nosotros\\\/#primaryimage\",\"url\":\"https:\\\/\\\/grupoampm.com\\\/wp-content\\\/uploads\\\/2025\\\/05\\\/img-nosotros.jpg\",\"contentUrl\":\"https:\\\/\\\/grupoampm.com\\\/wp-content\\\/uploads\\\/2025\\\/05\\\/img-nosotros.jpg\",\"width\":1081,\"height\":635},{\"@type\":\"BreadcrumbList\",\"@id\":\"https:\\\/\\\/grupoampm.com\\\/nosotros\\\/#breadcrumb\",\"itemListElement\":[{\"@type\":\"ListItem\",\"position\":1,\"name\":\"Home\",\"item\":\"https:\\\/\\\/grupoampm.com\\\/\"},{\"@type\":\"ListItem\",\"position\":2,\"name\":\"Nosotros\"}]},{\"@type\":\"WebSite\",\"@id\":\"https:\\\/\\\/grupoampm.com\\\/#website\",\"url\":\"https:\\\/\\\/grupoampm.com\\\/\",\"name\":\"AmPm\",\"description\":\"Encuentra las mejores soluciones log\u00edsticas en M\u00e9xico\",\"publisher\":{\"@id\":\"https:\\\/\\\/grupoampm.com\\\/#organization\"},\"potentialAction\":[{\"@type\":\"SearchAction\",\"target\":{\"@type\":\"EntryPoint\",\"urlTemplate\":\"https:\\\/\\\/grupoampm.com\\\/?s={search_term_string}\"},\"query-input\":{\"@type\":\"PropertyValueSpecification\",\"valueRequired\":true,\"valueName\":\"search_term_string\"}}],\"inLanguage\":\"en-US\"},{\"@type\":\"Organization\",\"@id\":\"https:\\\/\\\/grupoampm.com\\\/#organization\",\"name\":\"AmPm\",\"url\":\"https:\\\/\\\/grupoampm.com\\\/\",\"logo\":{\"@type\":\"ImageObject\",\"inLanguage\":\"en-US\",\"@id\":\"https:\\\/\\\/grupoampm.com\\\/#\\\/schema\\\/logo\\\/image\\\/\",\"url\":\"https:\\\/\\\/grupoampm.com\\\/wp-content\\\/uploads\\\/2025\\\/03\\\/ampm-logo.svg\",\"contentUrl\":\"https:\\\/\\\/grupoampm.com\\\/wp-content\\\/uploads\\\/2025\\\/03\\\/ampm-logo.svg\",\"width\":235,\"height\":48,\"caption\":\"AmPm\"},\"image\":{\"@id\":\"https:\\\/\\\/grupoampm.com\\\/#\\\/schema\\\/logo\\\/image\\\/\"}}]}<\/script>\n<!-- \/ Yoast SEO plugin. -->","yoast_head_json":{"title":"Nosotros - Grupo ampm | Soluciones log\u00edsticas all in one en M\u00e9xico","robots":{"index":"index","follow":"follow","max-snippet":"max-snippet:-1","max-image-preview":"max-image-preview:large","max-video-preview":"max-video-preview:-1"},"canonical":"https:\/\/grupoampm.com\/en\/nosotros\/","og_locale":"en_US","og_type":"article","og_title":"Nosotros - Grupo ampm | Soluciones log\u00edsticas all in one en M\u00e9xico","og_description":"En Grupo AMPM, llevamos m\u00e1s de 35 a\u00f1os transformando la log\u00edstica en una ventaja real para nuestros clientes. Iniciamos como una empresa local de mensajer\u00eda, y hoy somos un referente nacional en transporte, almacenaje y soluciones log\u00edsticas integrales. &nbsp; Nuestro prop\u00f3sito va m\u00e1s all\u00e1 de mover paquetes: conectamos negocios con oportunidades, personas con soluciones y [&hellip;]","og_url":"https:\/\/grupoampm.com\/en\/nosotros\/","og_site_name":"Grupo ampm | Soluciones log\u00edsticas all in one en M\u00e9xico","article_modified_time":"2025-09-26T18:57:06+00:00","og_image":[{"width":1081,"height":635,"url":"https:\/\/grupoampm.com\/wp-content\/uploads\/2025\/05\/img-nosotros.jpg","type":"image\/jpeg"}],"twitter_card":"summary_large_image","twitter_misc":{"Est. reading time":"1 minute"},"schema":{"@context":"https:\/\/schema.org","@graph":[{"@type":"WebPage","@id":"https:\/\/grupoampm.com\/nosotros\/","url":"https:\/\/grupoampm.com\/nosotros\/","name":"Nosotros - Grupo ampm | Soluciones log\u00edsticas all in one en M\u00e9xico","isPartOf":{"@id":"https:\/\/grupoampm.com\/#website"},"primaryImageOfPage":{"@id":"https:\/\/grupoampm.com\/nosotros\/#primaryimage"},"image":{"@id":"https:\/\/grupoampm.com\/nosotros\/#primaryimage"},"thumbnailUrl":"https:\/\/grupoampm.com\/wp-content\/uploads\/2025\/05\/img-nosotros.jpg","datePublished":"2025-03-04T00:28:46+00:00","dateModified":"2025-09-26T18:57:06+00:00","breadcrumb":{"@id":"https:\/\/grupoampm.com\/nosotros\/#breadcrumb"},"inLanguage":"en-US","potentialAction":[{"@type":"ReadAction","target":["https:\/\/grupoampm.com\/nosotros\/"]}]},{"@type":"ImageObject","inLanguage":"en-US","@id":"https:\/\/grupoampm.com\/nosotros\/#primaryimage","url":"https:\/\/grupoampm.com\/wp-content\/uploads\/2025\/05\/img-nosotros.jpg","contentUrl":"https:\/\/grupoampm.com\/wp-content\/uploads\/2025\/05\/img-nosotros.jpg","width":1081,"height":635},{"@type":"BreadcrumbList","@id":"https:\/\/grupoampm.com\/nosotros\/#breadcrumb","itemListElement":[{"@type":"ListItem","position":1,"name":"Home","item":"https:\/\/grupoampm.com\/"},{"@type":"ListItem","position":2,"name":"Nosotros"}]},{"@type":"WebSite","@id":"https:\/\/grupoampm.com\/#website","url":"https:\/\/grupoampm.com\/","name":"AmPm","description":"Encuentra las mejores soluciones log\u00edsticas en M\u00e9xico","publisher":{"@id":"https:\/\/grupoampm.com\/#organization"},"potentialAction":[{"@type":"SearchAction","target":{"@type":"EntryPoint","urlTemplate":"https:\/\/grupoampm.com\/?s={search_term_string}"},"query-input":{"@type":"PropertyValueSpecification","valueRequired":true,"valueName":"search_term_string"}}],"inLanguage":"en-US"},{"@type":"Organization","@id":"https:\/\/grupoampm.com\/#organization","name":"AmPm","url":"https:\/\/grupoampm.com\/","logo":{"@type":"ImageObject","inLanguage":"en-US","@id":"https:\/\/grupoampm.com\/#\/schema\/logo\/image\/","url":"https:\/\/grupoampm.com\/wp-content\/uploads\/2025\/03\/ampm-logo.svg","contentUrl":"https:\/\/grupoampm.com\/wp-content\/uploads\/2025\/03\/ampm-logo.svg","width":235,"height":48,"caption":"AmPm"},"image":{"@id":"https:\/\/grupoampm.com\/#\/schema\/logo\/image\/"}}]}},"_links":{"self":[{"href":"https:\/\/grupoampm.com\/en\/wp-json\/wp\/v2\/pages\/48","targetHints":{"allow":["GET"]}}],"collection":[{"href":"https:\/\/grupoampm.com\/en\/wp-json\/wp\/v2\/pages"}],"about":[{"href":"https:\/\/grupoampm.com\/en\/wp-json\/wp\/v2\/types\/page"}],"author":[{"embeddable":true,"href":"https:\/\/grupoampm.com\/en\/wp-json\/wp\/v2\/users\/1"}],"replies":[{"embeddable":true,"href":"https:\/\/grupoampm.com\/en\/wp-json\/wp\/v2\/comments?post=48"}],"version-history":[{"count":14,"href":"https:\/\/grupoampm.com\/en\/wp-json\/wp\/v2\/pages\/48\/revisions"}],"predecessor-version":[{"id":1564,"href":"https:\/\/grupoampm.com\/en\/wp-json\/wp\/v2\/pages\/48\/revisions\/1564"}],"wp:featuredmedia":[{"embeddable":true,"href":"https:\/\/grupoampm.com\/en\/wp-json\/wp\/v2\/media\/889"}],"wp:attachment":[{"href":"https:\/\/grupoampm.com\/en\/wp-json\/wp\/v2\/media?parent=48"}],"curies":[{"name":"wp","href":"https:\/\/api.w.org\/{rel}","templated":true}]}}