{"id":642,"date":"2025-05-07T18:20:29","date_gmt":"2025-05-07T18:20:29","guid":{"rendered":"https:\/\/ampm-corporativo.thetools.mx\/?page_id=642"},"modified":"2025-07-23T18:23:19","modified_gmt":"2025-07-23T18:23:19","slug":"importacion-exportacion-de-productos","status":"publish","type":"page","link":"https:\/\/grupoampm.com\/en\/servicios-ampm\/importacion-exportacion-de-productos\/","title":{"rendered":"Cargo"},"content":{"rendered":"<p>They are the keys to the growth of your brand at an international level. However, this type of connection requires a deep understanding of foreign policies, as well as strong logistical capabilities to facilitate cross-border exchange.<\/p>\n<p>&nbsp;<\/p>\n<p>Simplify imports and exports with streamlined processes and last-mile coverage throughout Mexico. Expanding borders is easier when you have the right bridge. We handle the paperwork and regulations so your goods move smoothly.<\/p>","protected":false},"excerpt":{"rendered":"<p>son las llaves para el crecimiento de tu marca a nivel internacional. Sin embargo, este tipo de conexiones requiere un alto conocimiento de las pol\u00edticas extranjeras, as\u00ed como una gran capacidad log\u00edstica para facilitar el intercambio en las fronteras. &nbsp; Simplifica importaciones y exportaciones con procesos \u00e1giles y cobertura de \u00faltima milla en todo M\u00e9xico. [&hellip;]<\/p>\n","protected":false},"author":1,"featured_media":922,"parent":231,"menu_order":0,"comment_status":"closed","ping_status":"closed","template":"page-cargo.php","meta":{"_acf_changed":false,"content-type":"","inline_featured_image":false,"footnotes":""},"class_list":["post-642","page","type-page","status-publish","has-post-thumbnail","hentry"],"acf":[],"yoast_head":"<!-- This site is optimized with the Yoast SEO plugin v27.3 - https:\/\/yoast.com\/product\/yoast-seo-wordpress\/ -->\n<title>Cargo  | Importaci\u00f3n y exportaci\u00f3n de productos para empresas<\/title>\n<meta name=\"description\" content=\"Gestiona la importaci\u00f3n y exportaci\u00f3n de productos para tu empresa con soluciones log\u00edsticas eficientes, seguras y personalizadas.\" \/>\n<meta name=\"robots\" content=\"index, follow, max-snippet:-1, max-image-preview:large, max-video-preview:-1\" \/>\n<link rel=\"canonical\" href=\"https:\/\/grupoampm.com\/en\/servicios-ampm\/importacion-exportacion-de-productos\/\" \/>\n<meta property=\"og:locale\" content=\"en_US\" \/>\n<meta property=\"og:type\" content=\"article\" \/>\n<meta property=\"og:title\" content=\"Cargo  | Importaci\u00f3n y exportaci\u00f3n de productos para empresas\" \/>\n<meta property=\"og:description\" content=\"Gestiona la importaci\u00f3n y exportaci\u00f3n de productos para tu empresa con soluciones log\u00edsticas eficientes, seguras y personalizadas.\" \/>\n<meta property=\"og:url\" content=\"https:\/\/grupoampm.com\/en\/servicios-ampm\/importacion-exportacion-de-productos\/\" \/>\n<meta property=\"og:site_name\" content=\"Grupo ampm | Soluciones log\u00edsticas all in one en M\u00e9xico\" \/>\n<meta property=\"article:modified_time\" content=\"2025-07-23T18:23:19+00:00\" \/>\n<meta property=\"og:image\" content=\"https:\/\/grupoampm.com\/wp-content\/uploads\/2025\/05\/servicio-cargo-img.jpg\" \/>\n\t<meta property=\"og:image:width\" content=\"1041\" \/>\n\t<meta property=\"og:image:height\" content=\"536\" \/>\n\t<meta property=\"og:image:type\" content=\"image\/jpeg\" \/>\n<meta name=\"twitter:card\" content=\"summary_large_image\" \/>\n<meta name=\"twitter:label1\" content=\"Est. reading time\" \/>\n\t<meta name=\"twitter:data1\" content=\"1 minute\" \/>\n<script type=\"application\/ld+json\" class=\"yoast-schema-graph\">{\"@context\":\"https:\\\/\\\/schema.org\",\"@graph\":[{\"@type\":\"WebPage\",\"@id\":\"https:\\\/\\\/grupoampm.com\\\/servicios-ampm\\\/importacion-exportacion-de-productos\\\/\",\"url\":\"https:\\\/\\\/grupoampm.com\\\/servicios-ampm\\\/importacion-exportacion-de-productos\\\/\",\"name\":\"Cargo | Importaci\u00f3n y exportaci\u00f3n de productos para empresas\",\"isPartOf\":{\"@id\":\"https:\\\/\\\/grupoampm.com\\\/#website\"},\"primaryImageOfPage\":{\"@id\":\"https:\\\/\\\/grupoampm.com\\\/servicios-ampm\\\/importacion-exportacion-de-productos\\\/#primaryimage\"},\"image\":{\"@id\":\"https:\\\/\\\/grupoampm.com\\\/servicios-ampm\\\/importacion-exportacion-de-productos\\\/#primaryimage\"},\"thumbnailUrl\":\"https:\\\/\\\/grupoampm.com\\\/wp-content\\\/uploads\\\/2025\\\/05\\\/servicio-cargo-img.jpg\",\"datePublished\":\"2025-05-07T18:20:29+00:00\",\"dateModified\":\"2025-07-23T18:23:19+00:00\",\"description\":\"Gestiona la importaci\u00f3n y exportaci\u00f3n de productos para tu empresa con soluciones log\u00edsticas eficientes, seguras y personalizadas.\",\"breadcrumb\":{\"@id\":\"https:\\\/\\\/grupoampm.com\\\/servicios-ampm\\\/importacion-exportacion-de-productos\\\/#breadcrumb\"},\"inLanguage\":\"en-US\",\"potentialAction\":[{\"@type\":\"ReadAction\",\"target\":[\"https:\\\/\\\/grupoampm.com\\\/servicios-ampm\\\/importacion-exportacion-de-productos\\\/\"]}]},{\"@type\":\"ImageObject\",\"inLanguage\":\"en-US\",\"@id\":\"https:\\\/\\\/grupoampm.com\\\/servicios-ampm\\\/importacion-exportacion-de-productos\\\/#primaryimage\",\"url\":\"https:\\\/\\\/grupoampm.com\\\/wp-content\\\/uploads\\\/2025\\\/05\\\/servicio-cargo-img.jpg\",\"contentUrl\":\"https:\\\/\\\/grupoampm.com\\\/wp-content\\\/uploads\\\/2025\\\/05\\\/servicio-cargo-img.jpg\",\"width\":1041,\"height\":536},{\"@type\":\"BreadcrumbList\",\"@id\":\"https:\\\/\\\/grupoampm.com\\\/servicios-ampm\\\/importacion-exportacion-de-productos\\\/#breadcrumb\",\"itemListElement\":[{\"@type\":\"ListItem\",\"position\":1,\"name\":\"Home\",\"item\":\"https:\\\/\\\/grupoampm.com\\\/\"},{\"@type\":\"ListItem\",\"position\":2,\"name\":\"Servicios\",\"item\":\"https:\\\/\\\/grupoampm.com\\\/servicios-ampm\\\/\"},{\"@type\":\"ListItem\",\"position\":3,\"name\":\"Cargo\"}]},{\"@type\":\"WebSite\",\"@id\":\"https:\\\/\\\/grupoampm.com\\\/#website\",\"url\":\"https:\\\/\\\/grupoampm.com\\\/\",\"name\":\"AmPm\",\"description\":\"Encuentra las mejores soluciones log\u00edsticas en M\u00e9xico\",\"publisher\":{\"@id\":\"https:\\\/\\\/grupoampm.com\\\/#organization\"},\"potentialAction\":[{\"@type\":\"SearchAction\",\"target\":{\"@type\":\"EntryPoint\",\"urlTemplate\":\"https:\\\/\\\/grupoampm.com\\\/?s={search_term_string}\"},\"query-input\":{\"@type\":\"PropertyValueSpecification\",\"valueRequired\":true,\"valueName\":\"search_term_string\"}}],\"inLanguage\":\"en-US\"},{\"@type\":\"Organization\",\"@id\":\"https:\\\/\\\/grupoampm.com\\\/#organization\",\"name\":\"AmPm\",\"url\":\"https:\\\/\\\/grupoampm.com\\\/\",\"logo\":{\"@type\":\"ImageObject\",\"inLanguage\":\"en-US\",\"@id\":\"https:\\\/\\\/grupoampm.com\\\/#\\\/schema\\\/logo\\\/image\\\/\",\"url\":\"https:\\\/\\\/grupoampm.com\\\/wp-content\\\/uploads\\\/2025\\\/03\\\/ampm-logo.svg\",\"contentUrl\":\"https:\\\/\\\/grupoampm.com\\\/wp-content\\\/uploads\\\/2025\\\/03\\\/ampm-logo.svg\",\"width\":235,\"height\":48,\"caption\":\"AmPm\"},\"image\":{\"@id\":\"https:\\\/\\\/grupoampm.com\\\/#\\\/schema\\\/logo\\\/image\\\/\"}}]}<\/script>\n<!-- \/ Yoast SEO plugin. -->","yoast_head_json":{"title":"Cargo  | Importaci\u00f3n y exportaci\u00f3n de productos para empresas","description":"Gestiona la importaci\u00f3n y exportaci\u00f3n de productos para tu empresa con soluciones log\u00edsticas eficientes, seguras y personalizadas.","robots":{"index":"index","follow":"follow","max-snippet":"max-snippet:-1","max-image-preview":"max-image-preview:large","max-video-preview":"max-video-preview:-1"},"canonical":"https:\/\/grupoampm.com\/en\/servicios-ampm\/importacion-exportacion-de-productos\/","og_locale":"en_US","og_type":"article","og_title":"Cargo  | Importaci\u00f3n y exportaci\u00f3n de productos para empresas","og_description":"Gestiona la importaci\u00f3n y exportaci\u00f3n de productos para tu empresa con soluciones log\u00edsticas eficientes, seguras y personalizadas.","og_url":"https:\/\/grupoampm.com\/en\/servicios-ampm\/importacion-exportacion-de-productos\/","og_site_name":"Grupo ampm | Soluciones log\u00edsticas all in one en M\u00e9xico","article_modified_time":"2025-07-23T18:23:19+00:00","og_image":[{"width":1041,"height":536,"url":"https:\/\/grupoampm.com\/wp-content\/uploads\/2025\/05\/servicio-cargo-img.jpg","type":"image\/jpeg"}],"twitter_card":"summary_large_image","twitter_misc":{"Est. reading time":"1 minute"},"schema":{"@context":"https:\/\/schema.org","@graph":[{"@type":"WebPage","@id":"https:\/\/grupoampm.com\/servicios-ampm\/importacion-exportacion-de-productos\/","url":"https:\/\/grupoampm.com\/servicios-ampm\/importacion-exportacion-de-productos\/","name":"Cargo | Importaci\u00f3n y exportaci\u00f3n de productos para empresas","isPartOf":{"@id":"https:\/\/grupoampm.com\/#website"},"primaryImageOfPage":{"@id":"https:\/\/grupoampm.com\/servicios-ampm\/importacion-exportacion-de-productos\/#primaryimage"},"image":{"@id":"https:\/\/grupoampm.com\/servicios-ampm\/importacion-exportacion-de-productos\/#primaryimage"},"thumbnailUrl":"https:\/\/grupoampm.com\/wp-content\/uploads\/2025\/05\/servicio-cargo-img.jpg","datePublished":"2025-05-07T18:20:29+00:00","dateModified":"2025-07-23T18:23:19+00:00","description":"Gestiona la importaci\u00f3n y exportaci\u00f3n de productos para tu empresa con soluciones log\u00edsticas eficientes, seguras y personalizadas.","breadcrumb":{"@id":"https:\/\/grupoampm.com\/servicios-ampm\/importacion-exportacion-de-productos\/#breadcrumb"},"inLanguage":"en-US","potentialAction":[{"@type":"ReadAction","target":["https:\/\/grupoampm.com\/servicios-ampm\/importacion-exportacion-de-productos\/"]}]},{"@type":"ImageObject","inLanguage":"en-US","@id":"https:\/\/grupoampm.com\/servicios-ampm\/importacion-exportacion-de-productos\/#primaryimage","url":"https:\/\/grupoampm.com\/wp-content\/uploads\/2025\/05\/servicio-cargo-img.jpg","contentUrl":"https:\/\/grupoampm.com\/wp-content\/uploads\/2025\/05\/servicio-cargo-img.jpg","width":1041,"height":536},{"@type":"BreadcrumbList","@id":"https:\/\/grupoampm.com\/servicios-ampm\/importacion-exportacion-de-productos\/#breadcrumb","itemListElement":[{"@type":"ListItem","position":1,"name":"Home","item":"https:\/\/grupoampm.com\/"},{"@type":"ListItem","position":2,"name":"Servicios","item":"https:\/\/grupoampm.com\/servicios-ampm\/"},{"@type":"ListItem","position":3,"name":"Cargo"}]},{"@type":"WebSite","@id":"https:\/\/grupoampm.com\/#website","url":"https:\/\/grupoampm.com\/","name":"AmPm","description":"Encuentra las mejores soluciones log\u00edsticas en M\u00e9xico","publisher":{"@id":"https:\/\/grupoampm.com\/#organization"},"potentialAction":[{"@type":"SearchAction","target":{"@type":"EntryPoint","urlTemplate":"https:\/\/grupoampm.com\/?s={search_term_string}"},"query-input":{"@type":"PropertyValueSpecification","valueRequired":true,"valueName":"search_term_string"}}],"inLanguage":"en-US"},{"@type":"Organization","@id":"https:\/\/grupoampm.com\/#organization","name":"AmPm","url":"https:\/\/grupoampm.com\/","logo":{"@type":"ImageObject","inLanguage":"en-US","@id":"https:\/\/grupoampm.com\/#\/schema\/logo\/image\/","url":"https:\/\/grupoampm.com\/wp-content\/uploads\/2025\/03\/ampm-logo.svg","contentUrl":"https:\/\/grupoampm.com\/wp-content\/uploads\/2025\/03\/ampm-logo.svg","width":235,"height":48,"caption":"AmPm"},"image":{"@id":"https:\/\/grupoampm.com\/#\/schema\/logo\/image\/"}}]}},"_links":{"self":[{"href":"https:\/\/grupoampm.com\/en\/wp-json\/wp\/v2\/pages\/642","targetHints":{"allow":["GET"]}}],"collection":[{"href":"https:\/\/grupoampm.com\/en\/wp-json\/wp\/v2\/pages"}],"about":[{"href":"https:\/\/grupoampm.com\/en\/wp-json\/wp\/v2\/types\/page"}],"author":[{"embeddable":true,"href":"https:\/\/grupoampm.com\/en\/wp-json\/wp\/v2\/users\/1"}],"replies":[{"embeddable":true,"href":"https:\/\/grupoampm.com\/en\/wp-json\/wp\/v2\/comments?post=642"}],"version-history":[{"count":19,"href":"https:\/\/grupoampm.com\/en\/wp-json\/wp\/v2\/pages\/642\/revisions"}],"predecessor-version":[{"id":1288,"href":"https:\/\/grupoampm.com\/en\/wp-json\/wp\/v2\/pages\/642\/revisions\/1288"}],"up":[{"embeddable":true,"href":"https:\/\/grupoampm.com\/en\/wp-json\/wp\/v2\/pages\/231"}],"wp:featuredmedia":[{"embeddable":true,"href":"https:\/\/grupoampm.com\/en\/wp-json\/wp\/v2\/media\/922"}],"wp:attachment":[{"href":"https:\/\/grupoampm.com\/en\/wp-json\/wp\/v2\/media?parent=642"}],"curies":[{"name":"wp","href":"https:\/\/api.w.org\/{rel}","templated":true}]}}